{"id":95,"date":"2023-01-17T09:38:05","date_gmt":"2023-01-17T09:38:05","guid":{"rendered":"https:\/\/bu2.univ-boumerdes.dz\/?page_id=95"},"modified":"2023-12-17T08:00:06","modified_gmt":"2023-12-17T08:00:06","slug":"guided-visits-to-the-different-services","status":"publish","type":"page","link":"https:\/\/bu.univ-boumerdes.dz\/fr\/guided-visits-to-the-different-services\/","title":{"rendered":"Visites guid\u00e9es aux diff\u00e9rents services"},"content":{"rendered":"<p><strong>Le  10 \/02\/  2016 : Visite des stagiaires de l\u2019INPED.<\/strong><\/p>\r\n\r\n\r\n\r\n<p>Dans le cadre  de la coop\u00e9ration et l\u2019\u00e9change des exp\u00e9riences entre  la Biblioth\u00e8que centrale  de l\u2019UMBB et l'Institut  National de la Productivit\u00e9 et du D\u00e9veloppement Industriel (INPED), une visite p\u00e9dagogique sur les techniques documentaires  a \u00e9t\u00e9  organis\u00e9e \u00e0 la Biblioth\u00e8que centrale,   le 10 f\u00e9vrier  2016,  au profit de 07 (sept) , accompagn\u00e9s par Mme Oulman Taous, Formatrice - consultante  \u00e0 l'INPED.<\/p>\r\n\r\n\r\n\r\n<p>Au cours de cette visite, les stagiaires ont pu comparer entre les centres d\u2019archives et les biblioth\u00e8ques et ont   \u00e9t\u00e9 initi\u00e9s au fonctionnement des diff\u00e9rents services de la biblioth\u00e8que.<\/p>\r\n\r\n\r\n\r\n<p><strong>Le 15 d\u00e9cembre 2015 : Visite p\u00e9dagogique des stagiaires de l\u2019INPED.<\/strong><\/p>\r\n\r\n\r\n\r\n<p>Dans le cadre d\u2019un s\u00e9minaire  organis\u00e9 par l\u2019Institut  National de Productivit\u00e9 et de D\u00e9veloppement \u2013 INPED intitul\u00e9 : \u00ab le traitement scientifique des documents  et cr\u00e9ation d\u2019un catalogue \u00e9lectronique \u00bb,   La biblioth\u00e8que centrale a re\u00e7u le 15 d\u00e9cembre 2015 la visite  de 11 stagiaires.<\/p>\r\n\r\n\r\n\r\n<p>Au cours de cette visite, les stagiaires , accompagn\u00e9s par les biblioth\u00e9caires , ont   rendu visite aux diff\u00e9rents services de la biblioth\u00e8que  notamment la salle des r\u00e9f\u00e9rences et ont assist\u00e9 \u00e0 la salle des conf\u00e9rences , \u00e0 une pr\u00e9sentation sur les diff\u00e9rentes \u00e9tapes de l\u2019op\u00e9ration  du traitement des th\u00e8ses, m\u00e9moires, p\u00e9riodiques et articles ainsi que les ressources \u00e9lectroniques.<\/p>\r\n\r\n\r\n\r\n<p><strong>Le 19 novembre 2014 : Visite de formation<\/strong><\/p>\r\n\r\n\r\n\r\n<p>Dans le cadre de coop\u00e9ration et d'\u00e9change d\u2019exp\u00e9riences entre les biblioth\u00e8ques universitaires, une visite d'\u00e9tude a \u00e9t\u00e9 organis\u00e9e au niveau de la Biblioth\u00e8que Universitaire  au profit de huit  (08)  fonctionnaires biblioth\u00e9caires de la Biblioth\u00e8que de la Facult\u00e9 de Droit et des Sciences Politiques de l'Universit\u00e9 de Tizi-Ouzou<\/p>\r\n\r\n\r\n\r\n<p>Cette visite a permis aux  visiteurs  de  prendre connaissance de fonctionnement de  service Recherche Bibliographique, service Accueil et Orientation et de service Traitement.<\/p>\r\n\r\n\r\n\r\n<p><strong>Le 10 novembre 2014 : Visite de formation<\/strong><\/p>\r\n\r\n\r\n\r\n<p>Dans le cadre de coop\u00e9ration et d'\u00e9change d\u2019exp\u00e9riences entre les biblioth\u00e8ques universitaires, une visite d'\u00e9tude a \u00e9t\u00e9 organis\u00e9e au niveau de la Biblioth\u00e8que Universitaire  au profit de quatre  (04) Biblioth\u00e9caires de la Biblioth\u00e8que centrale  de l'Universit\u00e9 de Khemis Miliana<\/p>\r\n\r\n\r\n\r\n<p>Cette visite a permis aux  visiteurs  de  prendre connaissance de fonctionnement de  service Recherche Bibliographique, service Accueil et Orientation et de service Traitement.<\/p>","protected":false},"excerpt":{"rendered":"<p>On February 10, 2016: Visit by INPED Interns As part of cooperation and experience exchange between the UMBB Central Library and the National Institute of Productivity and Industrial Development (INPED), an educational visit on documentary techniques was organized at the <a href=\"https:\/\/bu.univ-boumerdes.dz\/fr\/guided-visits-to-the-different-services\/\" class=\"read-more\">Read More &#8230;<\/a><\/p>","protected":false},"author":1,"featured_media":0,"parent":0,"menu_order":0,"comment_status":"closed","ping_status":"closed","template":"","meta":{"footnotes":""},"class_list":["post-95","page","type-page","status-publish","hentry"],"_links":{"self":[{"href":"https:\/\/bu.univ-boumerdes.dz\/fr\/wp-json\/wp\/v2\/pages\/95","targetHints":{"allow":["GET"]}}],"collection":[{"href":"https:\/\/bu.univ-boumerdes.dz\/fr\/wp-json\/wp\/v2\/pages"}],"about":[{"href":"https:\/\/bu.univ-boumerdes.dz\/fr\/wp-json\/wp\/v2\/types\/page"}],"author":[{"embeddable":true,"href":"https:\/\/bu.univ-boumerdes.dz\/fr\/wp-json\/wp\/v2\/users\/1"}],"replies":[{"embeddable":true,"href":"https:\/\/bu.univ-boumerdes.dz\/fr\/wp-json\/wp\/v2\/comments?post=95"}],"version-history":[{"count":0,"href":"https:\/\/bu.univ-boumerdes.dz\/fr\/wp-json\/wp\/v2\/pages\/95\/revisions"}],"wp:attachment":[{"href":"https:\/\/bu.univ-boumerdes.dz\/fr\/wp-json\/wp\/v2\/media?parent=95"}],"curies":[{"name":"wp","href":"https:\/\/api.w.org\/{rel}","templated":true}]}}