{"id":92,"date":"2023-01-17T09:37:42","date_gmt":"2023-01-17T09:37:42","guid":{"rendered":"https:\/\/bu2.univ-boumerdes.dz\/?page_id=92"},"modified":"2023-12-17T07:45:25","modified_gmt":"2023-12-17T07:45:25","slug":"documentary-training","status":"publish","type":"page","link":"https:\/\/bu.univ-boumerdes.dz\/fr\/documentary-training\/","title":{"rendered":"Formation documentaire"},"content":{"rendered":"<p>En vu de familiariser les usagers, en particulier les \u00e9tudiants, \u00e0 mieux utiliser les ressources de la biblioth\u00e8que universitaire, et comme la recherche documentaire constitue une \u00e9tape cruciale dans la r\u00e9alisation de tout travail de recherche ; la biblioth\u00e8que universitaire offre des formations dans ce sens (formations \u00e0 la recherche documentaire).<\/p>\r\n\r\n\r\n\r\n<h3 class=\"wp-block-heading\">Liste des formations organis\u00e9es:<\/h3>\r\n\r\n\r\n\r\n<ul class=\"wp-block-list\">\r\n<li>Session de formation: Web Knowledge - 14 D\u00e9cembre 2016 <\/li>\r\n\r\n\r\n\r\n<li>Conf\u00e9rence sur les \" LIVRES ELECTRONIQUES D\u2019ELSEVIER \" \u00ab eBooks d\u2019Elsevier \u00bb- 27 Octobre 2016 <\/li>\r\n\r\n\r\n\r\n<li>Formation sur EndNote, SNDL, PNST, D\u00e9pot institutionnel de l'UMBB - 19 Octobre 2016 <\/li>\r\n\r\n\r\n\r\n<li>Journ\u00e9e de formation et de sensibilisation sur la propri\u00e9t\u00e9 intellectuelle et industrielle au milieu professionnel et scientifique- 23 Mai 2016 <\/li>\r\n\r\n\r\n\r\n<li>Formation intitul\u00e9 projet de fin de cycle, du sujet \u00e0 la soutenance - 11 Mai 2016 <\/li>\r\n\r\n\r\n\r\n<li>Formation sur la r\u00e9daction et la publication des articles scientifiques - 15 F\u00e9vrier 2016 <\/li>\r\n\r\n\r\n\r\n<li>Formation sur la pr\u00e9paration des m\u00e9moires de fin d'\u00e9tudes - 25 Janvier 2016 <\/li>\r\n\r\n\r\n\r\n<li>Formation sur les services d'informations de la Biblioth\u00e8que centrale - 18 janvier 2016 <\/li>\r\n\r\n\r\n\r\n<li>Formation sur les moteurs de recherche scientifique - 06 janvier 2016 <\/li>\r\n\r\n\r\n\r\n<li>Formation sur le logiciel EndNote - 16 D\u00e9cembre 2015 <\/li>\r\n\r\n\r\n\r\n<li>Formation sur le logiciel LATEX - 08 D\u00e9cembre 2015 <\/li>\r\n\r\n\r\n\r\n<li>Formation sur le logiciel anti-plagiat TURNITIN - 11 Novembre 2015 <\/li>\r\n\r\n\r\n\r\n<li>Journ\u00e9e d\u2019information sur les ressources \u00e9lectroniques documentaires - 15 Avril 2015 <\/li>\r\n\r\n\r\n\r\n<li>Formation sur le logiciel EndNote - 03 f\u00e9vrier 2015. <\/li>\r\n\r\n\r\n\r\n<li>Journ\u00e9e de formation sur SNDL, CCDZ, PNST - 07 Janvier 2015. <\/li>\r\n\r\n\r\n\r\n<li>Formation sur la plateforme Springer - 03 D\u00e9cembre 2014. <\/li>\r\n\r\n\r\n\r\n<li>Formation sur la base de donn\u00e9es Scholarvox - 30 novembre 2014. <\/li>\r\n\r\n\r\n\r\n<li>Formations sur les bases de donn\u00e9es Taylor &amp; Francis-24 Novembre 2014 <\/li>\r\n\r\n\r\n\r\n<li>Formation reaxys - 09 novembre 2015 <\/li>\r\n\r\n\r\n\r\n<li>Formation sur les bases de donn\u00e9es ScienceDirect et Scopus - 06 Novembre 2014<\/li>\r\n<\/ul>","protected":false},"excerpt":{"rendered":"<p>To familiarize users, especially students, with better use of the university library resources, and recognizing that documentary research is a crucial step in any research work, the university library offers training sessions in this regard (training on documentary research). List <a href=\"https:\/\/bu.univ-boumerdes.dz\/fr\/documentary-training\/\" class=\"read-more\">Read More &#8230;<\/a><\/p>","protected":false},"author":1,"featured_media":0,"parent":0,"menu_order":0,"comment_status":"closed","ping_status":"closed","template":"","meta":{"footnotes":""},"class_list":["post-92","page","type-page","status-publish","hentry"],"_links":{"self":[{"href":"https:\/\/bu.univ-boumerdes.dz\/fr\/wp-json\/wp\/v2\/pages\/92","targetHints":{"allow":["GET"]}}],"collection":[{"href":"https:\/\/bu.univ-boumerdes.dz\/fr\/wp-json\/wp\/v2\/pages"}],"about":[{"href":"https:\/\/bu.univ-boumerdes.dz\/fr\/wp-json\/wp\/v2\/types\/page"}],"author":[{"embeddable":true,"href":"https:\/\/bu.univ-boumerdes.dz\/fr\/wp-json\/wp\/v2\/users\/1"}],"replies":[{"embeddable":true,"href":"https:\/\/bu.univ-boumerdes.dz\/fr\/wp-json\/wp\/v2\/comments?post=92"}],"version-history":[{"count":0,"href":"https:\/\/bu.univ-boumerdes.dz\/fr\/wp-json\/wp\/v2\/pages\/92\/revisions"}],"wp:attachment":[{"href":"https:\/\/bu.univ-boumerdes.dz\/fr\/wp-json\/wp\/v2\/media?parent=92"}],"curies":[{"name":"wp","href":"https:\/\/api.w.org\/{rel}","templated":true}]}}