{"id":89,"date":"2023-01-17T09:37:23","date_gmt":"2023-01-17T09:37:23","guid":{"rendered":"https:\/\/bu2.univ-boumerdes.dz\/?page_id=89"},"modified":"2023-12-17T07:36:53","modified_gmt":"2023-12-17T07:36:53","slug":"selective-dissemination-of-information","status":"publish","type":"page","link":"https:\/\/bu.univ-boumerdes.dz\/fr\/selective-dissemination-of-information\/","title":{"rendered":"Diffusion s\u00e9lective de l'information"},"content":{"rendered":"<p>La Diffusion S\u00e9lective de l'Information est un nouveau service de la BU qui offre, r\u00e9guli\u00e8rement, aux lecteurs les r\u00e9sultats d\u2019une  recherche documentaire personnalis\u00e9e et qui  permet de communiquer les nouveaut\u00e9s du fonds documentaire sur un sujet ou un domaine pr\u00e9cis.<\/p>\r\n\r\n\r\n\r\n<p><strong>Objectifs<\/strong>:<\/p>\r\n\r\n\r\n\r\n<ul class=\"wp-block-list\">\r\n<li>Assister les usagers dans  leurs travaux  de recherche,<\/li>\r\n\r\n\r\n\r\n<li>Recueillir \u00e0 partir de sites et portails sp\u00e9cialis\u00e9s des ressources documentaires pertinentes,<\/li>\r\n\r\n\r\n\r\n<li>Fournir aux usagers, par profil, tous types d\u2019information documentaire recherch\u00e9e,<\/li>\r\n\r\n\r\n\r\n<li>Diffuser les nouveaut\u00e9s du fonds documentaire<\/li>\r\n<\/ul>\r\n\r\n\r\n\r\n<p>Ce service  vous offre   aussi la possibilit\u00e9 de consulter les catalogues suivants : catalogue  collectif de l\u2019UMBB , catalogue collectif national CCdz , catalogue collectif arabe et d\u2019autres catalogues.<\/p>\r\n\r\n\r\n\r\n<p class=\"translation-block\">Comment d\u00e9finir son profil?\nPour recevoir la table des mati\u00e8res d'un document, indiquer le titre. S\u2019il s\u2019agit des r\u00e9f\u00e9rences des nouvelles parutions dans votre domaine de recherche, d\u00e9finir en quelques lignes vos besoins ou indiquer quelques mots-cl\u00e9s importants<\/p>\r\n\r\n\r\n\r\n<p class=\"translation-block\">Poser votre question\nPour poser une question \u00e0 un biblioth\u00e9caire sur  les bibliographies, portails  et guides th\u00e9matiques ou la s\u00e9lection de sites Internet, vous  avez deux m\u00e9thodes :<\/p>\r\n\r\n\r\n\r\n<ol class=\"wp-block-list\">\r\n<li>Pour  une requ\u00eate d'un document ou pour une information g\u00e9n\u00e9rale, formuler  votre demande et l\u2019envoyer.<\/li>\r\n\r\n\r\n\r\n<li>Pour une recherche avanc\u00e9e  ou des informations plus compl\u00e8tes, remplir  le formulaire. La r\u00e9ponse vous sera renvoy\u00e9e par e-mail.<\/li>\r\n<\/ol>\r\n\r\n\r\n\r\n<p><strong>Pour en savoir plus,<\/strong>contactez-nous <a href=\"mailto:dsi@univ-boumerdes.dz\">dsi@univ-boumerdes.dz<\/a><\/p>","protected":false},"excerpt":{"rendered":"<p>The DSI, or Selective Information Dissemination, is a new service provided by the University Library that regularly delivers personalized research results to readers, communicating updates from the library&#8217;s document repository on a specific subject or field. Objectives: This service also <a href=\"https:\/\/bu.univ-boumerdes.dz\/fr\/selective-dissemination-of-information\/\" class=\"read-more\">Read More &#8230;<\/a><\/p>","protected":false},"author":1,"featured_media":0,"parent":0,"menu_order":0,"comment_status":"closed","ping_status":"closed","template":"","meta":{"footnotes":""},"class_list":["post-89","page","type-page","status-publish","hentry"],"_links":{"self":[{"href":"https:\/\/bu.univ-boumerdes.dz\/fr\/wp-json\/wp\/v2\/pages\/89","targetHints":{"allow":["GET"]}}],"collection":[{"href":"https:\/\/bu.univ-boumerdes.dz\/fr\/wp-json\/wp\/v2\/pages"}],"about":[{"href":"https:\/\/bu.univ-boumerdes.dz\/fr\/wp-json\/wp\/v2\/types\/page"}],"author":[{"embeddable":true,"href":"https:\/\/bu.univ-boumerdes.dz\/fr\/wp-json\/wp\/v2\/users\/1"}],"replies":[{"embeddable":true,"href":"https:\/\/bu.univ-boumerdes.dz\/fr\/wp-json\/wp\/v2\/comments?post=89"}],"version-history":[{"count":0,"href":"https:\/\/bu.univ-boumerdes.dz\/fr\/wp-json\/wp\/v2\/pages\/89\/revisions"}],"wp:attachment":[{"href":"https:\/\/bu.univ-boumerdes.dz\/fr\/wp-json\/wp\/v2\/media?parent=89"}],"curies":[{"name":"wp","href":"https:\/\/api.w.org\/{rel}","templated":true}]}}