{"id":86,"date":"2023-01-17T09:35:30","date_gmt":"2023-01-17T09:35:30","guid":{"rendered":"https:\/\/bu2.univ-boumerdes.dz\/?page_id=86"},"modified":"2023-12-17T07:23:37","modified_gmt":"2023-12-17T07:23:37","slug":"thesis-deposit-and-access-to-pnst","status":"publish","type":"page","link":"https:\/\/bu.univ-boumerdes.dz\/fr\/thesis-deposit-and-access-to-pnst\/","title":{"rendered":"D\u00e9p\u00f4t de th\u00e8ses et acc\u00e8s au  Portail National de Signalement de Th\u00e8ses PNST"},"content":{"rendered":"<p>Depuis janvier 2011, la biblioth\u00e8que centrale est devenue le d\u00e9p\u00f4t officiel et obligatoire des th\u00e8ses de doctorat et M\u00e9moires de Magister soutenus a l\u2019UMBB.<\/p>\r\n\r\n\r\n\r\n<h3 class=\"wp-block-heading\"><strong>Proc\u00e9dures de d\u00e9p\u00f4t<\/strong><\/h3>\r\n\r\n\r\n\r\n<ul class=\"wp-block-list\">\r\n<li>Attestation de D\u00e9p\u00f4t de Th\u00e8se de Doctorat et M\u00e9moire de Magister rempli par l\u2019\u00e9tudiant <\/li>\r\n<\/ul>\r\n\r\n\r\n\r\n<ul class=\"wp-block-list\">\r\n<li>Autorisation de diffusion \u00e9lectronique sign\u00e9e par l\u2019\u00e9tudiant <\/li>\r\n<\/ul>\r\n\r\n\r\n\r\n<ul class=\"wp-block-list\">\r\n<li>Contr\u00f4le de la version \u00e9lectronique en pr\u00e9sence de l\u2019\u00e9tudiant ; <\/li>\r\n<\/ul>\r\n\r\n\r\n\r\n<ul class=\"wp-block-list\">\r\n<li>Attestation de conformit\u00e9 de la version \u00e9lectronique \u00e0 la version papier sign\u00e9 par l\u2019\u00e9tudiant <\/li>\r\n<\/ul>\r\n\r\n\r\n\r\n<ul class=\"wp-block-list\">\r\n<li>D\u00e9p\u00f4t de la version \u00e9lectronique sur le Portail National de Signalement des Th\u00e8ses PNST. <\/li>\r\n<\/ul>\r\n\r\n\r\n\r\n<ul class=\"wp-block-list\">\r\n<li>D\u00e9p\u00f4t de la th\u00e8se en version imprim\u00e9e et \u00e9lectronique (CD\/ROM) ; <\/li>\r\n<\/ul>\r\n\r\n\r\n\r\n<ul class=\"wp-block-list\">\r\n<li>D\u00e9livrance de quitus. <\/li>\r\n<\/ul>\r\n\r\n\r\n\r\n<h3 class=\"wp-block-heading\">Prescriptions techniques \u00e0 respecter lors du d\u00e9p\u00f4t:<\/h3>\r\n\r\n\r\n\r\n<ul class=\"wp-block-list\">\r\n<li>Fournir la version valid\u00e9e de la th\u00e8se selon la prescription De l'\u00e9tablissement de soutenance sur support papier accompagn\u00e9e de la version num\u00e9rique conforme et identique \u00e0 la version papier. <\/li>\r\n\r\n\r\n\r\n<li>La version num\u00e9rique doit \u00eatre fournie en un seul fichier au format PDF sur CD ou DVD. <\/li>\r\n\r\n\r\n\r\n<li>Effectuer de pr\u00e9f\u00e9rence le contr\u00f4le de la version \u00e9lectronique en pr\u00e9sence de l'\u00e9tudiant <\/li>\r\n\r\n\r\n\r\n<li>La version num\u00e9rique du m\u00e9moire ou de la th\u00e8se ne doit comporter aucune protection (mot de passe, chiffrement, etc.) <\/li>\r\n\r\n\r\n\r\n<li>La version num\u00e9rique du m\u00e9moire ou de la th\u00e8se ne contenir aucune signature ou tatouage. <\/li>\r\n\r\n\r\n\r\n<li>De pr\u00e9f\u00e9rence ne pas utiliser un logiciel de cr\u00e9ation de PDF en version d'\u00e9valuation, \u00e7a cr\u00e9era automatiquement un tatouage qui rend certaines parties du PDF illisibles. <\/li>\r\n\r\n\r\n\r\n<li>La version \u00e9lectronique du m\u00e9moire ou de la th\u00e8se doit \u00eatre accompagn\u00e9e d'un fichier au format (.doc) contenant la page de garde, un r\u00e9sum\u00e9 de votre th\u00e8se, et des propositions de mots cl\u00e9s pour d\u00e9crire votre th\u00e8se. <\/li>\r\n\r\n\r\n\r\n<li>Si votre th\u00e8se est r\u00e9dig\u00e9e dans une autre langue \u00e9trang\u00e8re que le fran\u00e7ais (Russe,  Allemande ou autres), vous devrez fournir la page de garde en fran\u00e7ais de votre th\u00e8se, fournir aussi le r\u00e9sum\u00e9 en fran\u00e7ais de votre th\u00e8se, et des propositions  de mots cl\u00e9s la d\u00e9crivant.<\/li>\r\n<\/ul>\r\n\r\n\r\n\r\n<h3 class=\"wp-block-heading\"><strong>Le  Portail National de Signalement des Th\u00e8ses PNST<\/strong><\/h3>\r\n\r\n\r\n\r\n<p>PNSTest un dispositif global d\u2019acc\u00e8s \u00e0 la production scientifique Nationale en mati\u00e8re de th\u00e8ses. Ses principaux objectifs sont :<\/p>\r\n\r\n\r\n\r\n<ul class=\"wp-block-list\">\r\n<li>Acc\u00e9l\u00e9rer le processus de validation des sujets<\/li>\r\n\r\n\r\n\r\n<li>Faciliter le d\u00e9p\u00f4t des th\u00e8ses soutenues<\/li>\r\n\r\n\r\n\r\n<li>Signaler et recenser toute la production scientifique Nationale<\/li>\r\n\r\n\r\n\r\n<li>Eviter la redondance et le plagiat des travaux de recherches.<\/li>\r\n\r\n\r\n\r\n<li>Offrir l\u2019acc\u00e8s au texte int\u00e9gral (disponible pour les th\u00e8ses soutenues)<\/li>\r\n<\/ul>\r\n\r\n\r\n\r\n<p>Pour acc\u00e9der au texte int\u00e9gral, il faut se connecter avec le code d\u2019acc\u00e8s  SNDL<\/p>\r\n\r\n\r\n\r\n<p><strong>Lien PNST<\/strong> <a href=\"https:\/\/www.pnst.cerist.dz\/\">https:\/\/www.pnst.cerist.dz<\/a><\/p>","protected":false},"excerpt":{"rendered":"<p>Since January 2011, the central library has become the official and mandatory repository for doctoral theses and Master&#8217;s dissertations supported by UMBB. Deposit Procedures Technical requirements to be followed during the deposit: The National Thesis Reporting Portal (PNST) PNST is <a href=\"https:\/\/bu.univ-boumerdes.dz\/fr\/thesis-deposit-and-access-to-pnst\/\" class=\"read-more\">Read More &#8230;<\/a><\/p>","protected":false},"author":1,"featured_media":0,"parent":0,"menu_order":0,"comment_status":"closed","ping_status":"closed","template":"","meta":{"footnotes":""},"class_list":["post-86","page","type-page","status-publish","hentry"],"_links":{"self":[{"href":"https:\/\/bu.univ-boumerdes.dz\/fr\/wp-json\/wp\/v2\/pages\/86","targetHints":{"allow":["GET"]}}],"collection":[{"href":"https:\/\/bu.univ-boumerdes.dz\/fr\/wp-json\/wp\/v2\/pages"}],"about":[{"href":"https:\/\/bu.univ-boumerdes.dz\/fr\/wp-json\/wp\/v2\/types\/page"}],"author":[{"embeddable":true,"href":"https:\/\/bu.univ-boumerdes.dz\/fr\/wp-json\/wp\/v2\/users\/1"}],"replies":[{"embeddable":true,"href":"https:\/\/bu.univ-boumerdes.dz\/fr\/wp-json\/wp\/v2\/comments?post=86"}],"version-history":[{"count":1,"href":"https:\/\/bu.univ-boumerdes.dz\/fr\/wp-json\/wp\/v2\/pages\/86\/revisions"}],"predecessor-version":[{"id":88,"href":"https:\/\/bu.univ-boumerdes.dz\/fr\/wp-json\/wp\/v2\/pages\/86\/revisions\/88"}],"wp:attachment":[{"href":"https:\/\/bu.univ-boumerdes.dz\/fr\/wp-json\/wp\/v2\/media?parent=86"}],"curies":[{"name":"wp","href":"https:\/\/api.w.org\/{rel}","templated":true}]}}