{"id":83,"date":"2023-01-17T09:30:41","date_gmt":"2023-01-17T09:30:41","guid":{"rendered":"https:\/\/bu2.univ-boumerdes.dz\/?page_id=83"},"modified":"2023-12-17T07:06:24","modified_gmt":"2023-12-17T07:06:24","slug":"access-to-the-institutional-repository","status":"publish","type":"page","link":"https:\/\/bu.univ-boumerdes.dz\/fr\/access-to-the-institutional-repository\/","title":{"rendered":"Acc\u00e8s \u00e0 la Plate forme de d\u00e9p\u00f4t institutionnel de l\u2019UMBB (Archives ouvertes)"},"content":{"rendered":"<p>Le d\u00e9p\u00f4t institutionnel de l\u2019UMBB est une plate-forme destin\u00e9e \u00e0 recueillir, sous\n\nFormat \u00e9lectronique, la production scientifique  des Enseignants et  chercheurs de l\u2019Universit\u00e9 et les rendre accessibles sur internet.<\/p>\r\n\r\n\r\n\r\n<p>Lien de la plate forme <a href=\"http:\/\/dlibrary.univ-boumerdes.dz:8080\/\">http:\/\/dlibrary.univ-boumerdes.dz:8080\/<\/a><\/p>\r\n\r\n\r\n\r\n<p><strong>Objectifs<\/strong><\/p>\r\n\r\n\r\n\r\n<ul class=\"wp-block-list\">\r\n<li>Augmenter la visibilit\u00e9 internationale de l\u2019activit\u00e9 scientifique de l\u2019UMBB (Vitrine de la recherche scientifique)<\/li>\r\n\r\n\r\n\r\n<li>Rendre les publications scientifiques de l\u2019UMBB accessibles.<\/li>\r\n\r\n\r\n\r\n<li>Centraliser le  patrimoine Scientifique de l\u2019UMBB.<\/li>\r\n\r\n\r\n\r\n<li>Communiquer et valoriser rapidement les  r\u00e9sultats scientifiques de l\u2019UMBB<\/li>\r\n\r\n\r\n\r\n<li>Mesurer  et \u00e9valuer  la production des laboratoires de recherche, unit\u00e9s  de recherche et chercheurs de l\u2019UMBB.<\/li>\r\n\r\n\r\n\r\n<li>Augmenter  le  taux de citation des publications scientifiques de l\u2019UMBB<\/li>\r\n<\/ul>\r\n\r\n\r\n\r\n<p><strong>Type des documents  d\u00e9pos\u00e9s<\/strong><\/p>\r\n\r\n\r\n\r\n<p>Le d\u00e9p\u00f4t concerne tous les types de documents scientifiques ou techniques, \u00e0 condition qu\u2019au moins un chercheur, un th\u00e9sard  de l\u2019UMBB  en soit l\u2019auteur.<\/p>\r\n\r\n\r\n\r\n<ul class=\"wp-block-list\">\r\n<li>les articles publi\u00e9s dans des revues \u00e9trang\u00e8res ou revues nationales.<\/li>\r\n\r\n\r\n\r\n<li>les livres et parties de livre<\/li>\r\n\r\n\r\n\r\n<li>les th\u00e8ses de Doctorat syst\u00e8me classique et syst\u00e8me LMD<\/li>\r\n\r\n\r\n\r\n<li>M\u00e9moires de Magister<\/li>\r\n\r\n\r\n\r\n<li>les m\u00e9moires de fin d\u2019\u00e9tude : de Master 2 et d\u2019Ing\u00e9nieur<\/li>\r\n\r\n\r\n\r\n<li>les pr\u00e9sentations dans des conf\u00e9rences, les posters et les actes de conf\u00e9rence<\/li>\r\n\r\n\r\n\r\n<li>les rapports de recherche et les rapports techniques<\/li>\r\n<\/ul>\r\n\r\n\r\n\r\n<p><strong>Diffusion et acc\u00e8s<\/strong><\/p>\r\n\r\n\r\n\r\n<ul class=\"wp-block-list\">\r\n<li>la mise en ligne de texte int\u00e9gral  des publications scientifique est autoris\u00e9e uniquement pour les open access  (v\u00e9rification sur SHERPA\/RoMEO)<\/li>\r\n\r\n\r\n\r\n<li>la mise en ligne de texte int\u00e9gral  des th\u00e8ses de doctorat et m\u00e9moires de Magister  se fait par l\u2019autorisation de th\u00e9sard.<\/li>\r\n<\/ul>\r\n\r\n\r\n\r\n<p><strong>Observation<\/strong>nous invitons nos chercheurs de bien vouloir nous transmettre leurs publications scientifiques pour alimenter la plate forme.<\/p>\r\n\r\n\r\n\r\n<p><strong>En savoir plus<\/strong>: <a href=\"http:\/\/dlibrary.univ-boumerdes.dz:8080\/\">http:\/\/dlibrary.univ-boumerdes.dz:8080<\/a> <\/p>\r\n\r\n\r\n\r\n<p><strong>Contact<\/strong>: <a href=\"mailto:depot-institutionnel@univ-boumerdes.dz\">depot-institutionnel@univ-boumerdes.dz<\/a><\/p>","protected":false},"excerpt":{"rendered":"<p>The institutional repository of UMBB is a platform designed to collect, in electronic format, the scientific output of the university&#8217;s professors and researchers, making it accessible on the internet. Platform link: http:\/\/dlibrary.univ-boumerdes.dz:8080\/ Objectives Types of Documents Deposited The repository encompasses <a href=\"https:\/\/bu.univ-boumerdes.dz\/fr\/access-to-the-institutional-repository\/\" class=\"read-more\">Read More &#8230;<\/a><\/p>","protected":false},"author":1,"featured_media":0,"parent":0,"menu_order":0,"comment_status":"closed","ping_status":"closed","template":"","meta":{"footnotes":""},"class_list":["post-83","page","type-page","status-publish","hentry"],"_links":{"self":[{"href":"https:\/\/bu.univ-boumerdes.dz\/fr\/wp-json\/wp\/v2\/pages\/83","targetHints":{"allow":["GET"]}}],"collection":[{"href":"https:\/\/bu.univ-boumerdes.dz\/fr\/wp-json\/wp\/v2\/pages"}],"about":[{"href":"https:\/\/bu.univ-boumerdes.dz\/fr\/wp-json\/wp\/v2\/types\/page"}],"author":[{"embeddable":true,"href":"https:\/\/bu.univ-boumerdes.dz\/fr\/wp-json\/wp\/v2\/users\/1"}],"replies":[{"embeddable":true,"href":"https:\/\/bu.univ-boumerdes.dz\/fr\/wp-json\/wp\/v2\/comments?post=83"}],"version-history":[{"count":0,"href":"https:\/\/bu.univ-boumerdes.dz\/fr\/wp-json\/wp\/v2\/pages\/83\/revisions"}],"wp:attachment":[{"href":"https:\/\/bu.univ-boumerdes.dz\/fr\/wp-json\/wp\/v2\/media?parent=83"}],"curies":[{"name":"wp","href":"https:\/\/api.w.org\/{rel}","templated":true}]}}