{"id":79,"date":"2023-01-17T09:29:57","date_gmt":"2023-01-17T09:29:57","guid":{"rendered":"https:\/\/bu2.univ-boumerdes.dz\/?page_id=79"},"modified":"2023-12-13T08:48:16","modified_gmt":"2023-12-13T08:48:16","slug":"access-to-resources","status":"publish","type":"page","link":"https:\/\/bu.univ-boumerdes.dz\/fr\/access-to-resources\/","title":{"rendered":"Acc\u00e8s aux ressources"},"content":{"rendered":"<p>L'acc\u00e8s aux ressources \u00e9lectroniques de l\u2019UMBB  est r\u00e9serv\u00e9 aux \u00e9tudiants, Enseignants et l'Universit\u00e9 M\u2019hamed  Bougara \u2013 Boumerdes<\/p>\r\n\r\n\r\n\r\n<h2 class=\"wp-block-heading\">Liste des ressources \u00e9lectroniques<\/h2>\r\n\r\n\r\n\r\n<h3 class=\"wp-block-heading\">1-     SNDL :<\/h3>\r\n\r\n\r\n\r\n<ul class=\"wp-block-list\">\r\n<li>le SNDL permet l\u2019acc\u00e8s \u00e0 une documentation \u00e9lectronique nationale et internationale tr\u00e8s riche et tr\u00e8s vari\u00e9e, couvrant tous les domaines de l\u2019enseignement et de la recherche scientifique.<\/li>\r\n\r\n\r\n\r\n<li>Le  SNDL r\u00e9pond aux besoins des universit\u00e9s alg\u00e9riennes en mati\u00e8re de ressources \u00e9lectroniques et de documentations scientifique et technique de qualit\u00e9.<\/li>\r\n<\/ul>\r\n\r\n\r\n\r\n<h3 class=\"wp-block-heading\">Comment acc\u00e9der au SNDL ?<\/h3>\r\n\r\n\r\n\r\n<p>Deux modes d\u2019acc\u00e8s au SNDL:<\/p>\r\n\r\n\r\n\r\n<p>1-Via l\u2019adresse IP de l\u2019Universit\u00e9\n\n     Destin\u00e9s \u00e0 l\u2019ensemble des \u00e9tudiants, enseignants-chercheurs et chercheurs permanents au sein des campus universitaires .<\/p>\r\n\r\n\r\n\r\n<p>2-Via un code d\u2019acc\u00e8s\n\n     D\u00e9di\u00e9e aux  enseignants-chercheurs, aux chercheurs permanents, aux \u00e9tudiants en post-graduation (Doctorants et Magisters),aux \u00e9tudiants ing\u00e9nieurs en fin de cycle et Master2.<\/p>\r\n\r\n\r\n\r\n<h3 class=\"wp-block-heading\">Comment obtenir un code d\u2019acc\u00e8s  SNDL?<\/h3>\r\n\r\n\r\n\r\n<p>Si Vous \u00eates chercheur et\/ou enseignant affili\u00e9 \u00e0 un laboratoire de recherche :\n  Adressez vous \u00e0 votre directeur de laboratoire.<\/p>\r\n\r\n\r\n\r\n<p>Si Vous \u00eates enseignant non affili\u00e9 \u00e0 un laboratoire de recherche, \u00e9tudiant en master 2: Adressez vous \u00e0 la biblioth\u00e8que universitaire (BU).\n un formulaire d\u2019inscription  en ligne au Syst\u00e8me SNDL  est mis en place  au niveau des biblioth\u00e8ques des facult\u00e9s et \u00e0 la biblioth\u00e8que centrale.<\/p>\r\n\r\n\r\n\r\n<p>L\u2019inscription est ouverte de dimanche au jeudi de 8h:30  \u00e0 16h:00.<\/p>\r\n\r\n\r\n\r\n<h3 class=\"wp-block-heading\">Quelles sont les ressources accessibles via le SNDL ?<\/h3>\r\n\r\n\r\n\r\n<p>le SNDL  dispose de 03 types de ressources :<\/p>\r\n\r\n\r\n\r\n<ul class=\"wp-block-list\">\r\n<li>les ressources (Abonnements) cliquez ici<\/li>\r\n\r\n\r\n\r\n<li>Open Access (Libre acc\u00e8s)  cliquez ici<\/li>\r\n<\/ul>\r\n\r\n\r\n\r\n<h2 class=\"wp-block-heading\">Bases de donn\u00e9es accessibles en local<\/h2>\r\n\r\n\r\n\r\n<ul class=\"wp-block-list\">\r\n<li>Jstor\n\n Donne acc\u00e8s aux archives \u00e9lectroniques de pr\u00e8s de 700 p\u00e9riodiques dans diverses disciplines telles que les sciences humaines et sociales, les math\u00e9matiques et la biologie.\n\n Acc\u00e8s par adresse IP de l\u2019Universit\u00e9<\/li>\r\n\r\n\r\n\r\n<li>OpticsInfoBase\n\n OSA Publishing est la plus grande collection de peer-reviewed optique et photonique information dans le monde.\n\n  Acc\u00e8s par adresse IP de l\u2019Universit\u00e9<\/li>\r\n<\/ul>\r\n\r\n\r\n\r\n<p>Contact: <a href=\"mailto:s.mekiri@univ-boumerdes.dz\">s.mekiri@univ-boumerdes.dz<\/a><\/p>","protected":false},"excerpt":{"rendered":"<p>Access to electronic resources at UMBB is reserved for students, teachers, and M\u2019hamed Bougara University &#8211; Boumerdes. List of electronic resources: 1- SNDL: How to access SNDL? Two access modes to SNDL: 1- Via the University&#8217;s IP address Intended for <a href=\"https:\/\/bu.univ-boumerdes.dz\/fr\/access-to-resources\/\" class=\"read-more\">Read More &#8230;<\/a><\/p>","protected":false},"author":1,"featured_media":0,"parent":0,"menu_order":0,"comment_status":"closed","ping_status":"closed","template":"","meta":{"footnotes":""},"class_list":["post-79","page","type-page","status-publish","hentry"],"_links":{"self":[{"href":"https:\/\/bu.univ-boumerdes.dz\/fr\/wp-json\/wp\/v2\/pages\/79","targetHints":{"allow":["GET"]}}],"collection":[{"href":"https:\/\/bu.univ-boumerdes.dz\/fr\/wp-json\/wp\/v2\/pages"}],"about":[{"href":"https:\/\/bu.univ-boumerdes.dz\/fr\/wp-json\/wp\/v2\/types\/page"}],"author":[{"embeddable":true,"href":"https:\/\/bu.univ-boumerdes.dz\/fr\/wp-json\/wp\/v2\/users\/1"}],"replies":[{"embeddable":true,"href":"https:\/\/bu.univ-boumerdes.dz\/fr\/wp-json\/wp\/v2\/comments?post=79"}],"version-history":[{"count":0,"href":"https:\/\/bu.univ-boumerdes.dz\/fr\/wp-json\/wp\/v2\/pages\/79\/revisions"}],"wp:attachment":[{"href":"https:\/\/bu.univ-boumerdes.dz\/fr\/wp-json\/wp\/v2\/media?parent=79"}],"curies":[{"name":"wp","href":"https:\/\/api.w.org\/{rel}","templated":true}]}}