{"id":76,"date":"2023-01-17T09:28:48","date_gmt":"2023-01-17T09:28:48","guid":{"rendered":"https:\/\/bu2.univ-boumerdes.dz\/?page_id=76"},"modified":"2023-12-13T08:38:11","modified_gmt":"2023-12-13T08:38:11","slug":"bibliographic-research","status":"publish","type":"page","link":"https:\/\/bu.univ-boumerdes.dz\/fr\/bibliographic-research\/","title":{"rendered":"Recherche bibliographique et pr\u00eat de documents"},"content":{"rendered":"<p>La biblioth\u00e8que centrale offre une large collection de document \u00e0 ses usagers pour les aider dans leurs travaux de recherche ou dans leurs \u00e9tudes. Tous ces documents sont trait\u00e9s et visible sur les diff\u00e9rents catalogues bibliographique de l'Universit\u00e9 et cela \u00e0 l'aide de l'outil de gestion des biblioth\u00e8que SYNGEB.<\/p>\r\n\r\n\r\n\r\n<p>Effectivement vous pouvez consulter le catalogue collectif de toute l'universit\u00e9 ou bien raffiner votre recherche en consultant le catalogue de l'\u00e9tablissement de votre choix \u00e0 savoir les facult\u00e9s, l'institut ou bien la biblioth\u00e8que centrale.<\/p>\r\n\r\n\r\n\r\n<p>Ces documents sont mis \u00e0 votre disposition gr\u00e2ce au syst\u00e8me de pr\u00eat, les d\u00e9lais de pr\u00eat sont en fonction de la cat\u00e9gorie du lecteur et du type de document.<\/p>\r\n\r\n\r\n\r\n<h3 class=\"wp-block-heading\">Renouvellement de pr\u00eat :<\/h3>\r\n\r\n\r\n\r\n<p>Le pr\u00eat peut \u00eatre renouvel\u00e9 si le document n\u2019est pas r\u00e9serv\u00e9 par un autre lecteur.<\/p>\r\n\r\n\r\n\r\n<p>Le lecteur d\u00e9sireux de prolonger l\u2019emprunt d\u2019un ouvrage doit se rendre \u00e0 la biblioth\u00e8que muni du livre<\/p>","protected":false},"excerpt":{"rendered":"<p>The central library offers a wide collection of documents to its users to assist them in their research or studies. All these documents are processed and visible in the various bibliographic catalogs of the University, using the library management tool <a href=\"https:\/\/bu.univ-boumerdes.dz\/fr\/bibliographic-research\/\" class=\"read-more\">Read More &#8230;<\/a><\/p>","protected":false},"author":1,"featured_media":0,"parent":0,"menu_order":0,"comment_status":"closed","ping_status":"closed","template":"","meta":{"footnotes":""},"class_list":["post-76","page","type-page","status-publish","hentry"],"_links":{"self":[{"href":"https:\/\/bu.univ-boumerdes.dz\/fr\/wp-json\/wp\/v2\/pages\/76","targetHints":{"allow":["GET"]}}],"collection":[{"href":"https:\/\/bu.univ-boumerdes.dz\/fr\/wp-json\/wp\/v2\/pages"}],"about":[{"href":"https:\/\/bu.univ-boumerdes.dz\/fr\/wp-json\/wp\/v2\/types\/page"}],"author":[{"embeddable":true,"href":"https:\/\/bu.univ-boumerdes.dz\/fr\/wp-json\/wp\/v2\/users\/1"}],"replies":[{"embeddable":true,"href":"https:\/\/bu.univ-boumerdes.dz\/fr\/wp-json\/wp\/v2\/comments?post=76"}],"version-history":[{"count":2,"href":"https:\/\/bu.univ-boumerdes.dz\/fr\/wp-json\/wp\/v2\/pages\/76\/revisions"}],"predecessor-version":[{"id":110,"href":"https:\/\/bu.univ-boumerdes.dz\/fr\/wp-json\/wp\/v2\/pages\/76\/revisions\/110"}],"wp:attachment":[{"href":"https:\/\/bu.univ-boumerdes.dz\/fr\/wp-json\/wp\/v2\/media?parent=76"}],"curies":[{"name":"wp","href":"https:\/\/api.w.org\/{rel}","templated":true}]}}