{"id":73,"date":"2023-01-17T09:28:19","date_gmt":"2023-01-17T09:28:19","guid":{"rendered":"https:\/\/bu2.univ-boumerdes.dz\/?page_id=73"},"modified":"2023-12-13T08:08:38","modified_gmt":"2023-12-13T08:08:38","slug":"library-registration","status":"publish","type":"page","link":"https:\/\/bu.univ-boumerdes.dz\/fr\/library-registration\/","title":{"rendered":"Inscription \u00e0 la Biblioth\u00e8que"},"content":{"rendered":"<p>L\u2019entr\u00e9e \u00e0 la biblioth\u00e8que est libre et gratuite. Une inscription annuelle vous permet d\u2019acc\u00e9der \u00e0 la biblioth\u00e8que, d\u2019emprunter des documents et de b\u00e9n\u00e9ficier des autres services offerts.<\/p>\r\n\r\n\r\n\r\n<p class=\"translation-block\">L'inscription \u00e0 la Biblioth\u00e8que  se fait en ligne, pour ce faire <a href=\"https:\/\/docs.google.com\/forms\/d\/e\/1FAIpQLSe5Bbgn9cM4wtGJR0Ik3BT_k2AR2w7Byj0UHigD_e_p1ucfIw\/viewform?pli=1\" target=\"_self\">cliquez-ici<\/a><\/p>\r\n\r\n\r\n\r\n<p>Pour confirmer votre inscription  vous devez  pr\u00e9senter :<\/p>\r\n\r\n\r\n\r\n<ul class=\"wp-block-list\">\r\n<li>La carte d'\u00e9tudiant valable pour l'ann\u00e9e en cours.<\/li>\r\n\r\n\r\n\r\n<li>une copie de la pi\u00e8ce d'identit\u00e9<\/li>\r\n\r\n\r\n\r\n<li>une copie du certificat de scolarit\u00e9 de l\u2019ann\u00e9e en cours<\/li>\r\n<\/ul>\r\n\r\n\r\n\r\n<p>Pour les usagers externes hors universit\u00e9 de Boumerd\u00e9s,  pr\u00e9sentez le  dossier suivant :<\/p>\r\n\r\n\r\n\r\n<ul class=\"wp-block-list\">\r\n<li>Une demande manuscrite<\/li>\r\n\r\n\r\n\r\n<li>Un formulaire \u00e0 remplir<\/li>\r\n\r\n\r\n\r\n<li>Une autorisation d\u2019acc\u00e8s sign\u00e9 par l\u2019\u00e9tablissement d\u2019origine<\/li>\r\n\r\n\r\n\r\n<li>Un certificat de scolarit\u00e9 pour les \u00e9tudiants<\/li>\r\n\r\n\r\n\r\n<li>Une attestation de travail de l\u2019ann\u00e9e en cour pour les enseignants<\/li>\r\n\r\n\r\n\r\n<li>Une copie de la carte Nationale<\/li>\r\n\r\n\r\n\r\n<li>Une Photo<\/li>\r\n<\/ul>","protected":false},"excerpt":{"rendered":"<p>Entry to the library is free and open to all. An annual registration allows you access to the library, borrow materials, and benefit from other available services. Registration is conducted online. Click here to register. To confirm your registration, you <a href=\"https:\/\/bu.univ-boumerdes.dz\/fr\/library-registration\/\" class=\"read-more\">Read More &#8230;<\/a><\/p>","protected":false},"author":1,"featured_media":0,"parent":0,"menu_order":0,"comment_status":"closed","ping_status":"closed","template":"","meta":{"footnotes":""},"class_list":["post-73","page","type-page","status-publish","hentry"],"_links":{"self":[{"href":"https:\/\/bu.univ-boumerdes.dz\/fr\/wp-json\/wp\/v2\/pages\/73","targetHints":{"allow":["GET"]}}],"collection":[{"href":"https:\/\/bu.univ-boumerdes.dz\/fr\/wp-json\/wp\/v2\/pages"}],"about":[{"href":"https:\/\/bu.univ-boumerdes.dz\/fr\/wp-json\/wp\/v2\/types\/page"}],"author":[{"embeddable":true,"href":"https:\/\/bu.univ-boumerdes.dz\/fr\/wp-json\/wp\/v2\/users\/1"}],"replies":[{"embeddable":true,"href":"https:\/\/bu.univ-boumerdes.dz\/fr\/wp-json\/wp\/v2\/comments?post=73"}],"version-history":[{"count":0,"href":"https:\/\/bu.univ-boumerdes.dz\/fr\/wp-json\/wp\/v2\/pages\/73\/revisions"}],"wp:attachment":[{"href":"https:\/\/bu.univ-boumerdes.dz\/fr\/wp-json\/wp\/v2\/media?parent=73"}],"curies":[{"name":"wp","href":"https:\/\/api.w.org\/{rel}","templated":true}]}}