{"id":38,"date":"2023-01-17T09:08:29","date_gmt":"2023-01-17T09:08:29","guid":{"rendered":"https:\/\/bu2.univ-boumerdes.dz\/?page_id=38"},"modified":"2023-12-13T07:46:19","modified_gmt":"2023-12-13T07:46:19","slug":"cooperation-projects","status":"publish","type":"page","link":"https:\/\/bu.univ-boumerdes.dz\/fr\/cooperation-projects\/","title":{"rendered":"Projets de coop\u00e9rations"},"content":{"rendered":"<h2 class=\"wp-block-heading\">RIBU R\u00e9seau r\u00e9gional Inter Biblioth\u00e8ques Universitaires<\/h2>\r\n\r\n\r\n\r\n<p>Le projet de mise en place d'un R\u00e9seau r\u00e9gional Inter Biblioth\u00e8ques Universitaires \u00abRIBU\u00bb a \u00e9t\u00e9 dict\u00e9 par la n\u00e9cessit\u00e9 de mutualiser les moyens documentaires existants au niveau des biblioth\u00e8ques universitaires de la r\u00e9gion centre.<\/p>\r\n\r\n\r\n\r\n<h3 class=\"wp-block-heading\">Les \u00e9tablissements alg\u00e9riens concern\u00e9s par ce projet sont:<\/h3>\r\n\r\n\r\n\r\n<ul class=\"wp-block-list\">\r\n<li>Universit\u00e9 des Sciences et Technologies Houari BOUMEDIENE -Alger<\/li>\r\n\r\n\r\n\r\n<li>Universit\u00e9 Saad DAHLEB de Blida,<\/li>\r\n\r\n\r\n\r\n<li>Universit\u00e9 d\u2019Alger<\/li>\r\n\r\n\r\n\r\n<li>Universit\u00e9 Abderrahmane MIRA de Bejaia<\/li>\r\n\r\n\r\n\r\n<li>Universit\u00e9 Mouloud MAAMERI de Tizi Ouzou,<\/li>\r\n\r\n\r\n\r\n<li>Universit\u00e9 de JIJEL,<\/li>\r\n\r\n\r\n\r\n<li>\u00c9cole Nationale Polytechnique ENP,<\/li>\r\n\r\n\r\n\r\n<li>\u00c9cole Nationale d\u2019administration ENA,<\/li>\r\n\r\n\r\n\r\n<li>Universit\u00e9 M'hamed BOUGARA Boumerd\u00e8s<\/li>\r\n\r\n\r\n\r\n<li>Centre de recherche sur l'information scientifique et technique formant un consortium.<\/li>\r\n<\/ul>\r\n\r\n\r\n\r\n<p>Les partenaires europ\u00e9ens sont l\u2019Universit\u00e9 Libre de Bruxelles qui est gestionnaire de la bourse et Aix en Provence Marseille I . Le r\u00e9seau permettra d'\u00e9tablir un catalogue collectif des biblioth\u00e8ques alg\u00e9riennes membres du consortium.<\/p>\r\n\r\n\r\n\r\n<h3 class=\"wp-block-heading\">Membres RIBU<\/h3>\r\n\r\n\r\n\r\n<p>Le consortium se compose de 09 biblioth\u00e8ques d'universit\u00e9s et d'\u00e9coles.<\/p>\r\n\r\n\r\n\r\n<h3 class=\"wp-block-heading\">Repr\u00e9sentant l\u00e9gal de l\u2019Institution du Candidat \u00e0 la bourse<\/h3>\r\n\r\n\r\n\r\n<p>Universit\u00e9 Libre de Bruxelles ULB -Belgique-<\/p>\r\n\r\n\r\n\r\n<h3 class=\"wp-block-heading\">Coordinateur du projet<\/h3>\r\n\r\n\r\n\r\n<p>Universit\u00e9 M'hamed BOUGARA de Boumerd\u00e8s - UMBB -Alg\u00e9rie-<\/p>\r\n\r\n\r\n\r\n<h3 class=\"wp-block-heading\">Partenaires<\/h3>\r\n\r\n\r\n\r\n<ul class=\"wp-block-list\">\r\n<li>Universit\u00e9 de Provence - Aix-Marseille I- France- <\/li>\r\n<\/ul>\r\n\r\n\r\n\r\n<ul class=\"wp-block-list\">\r\n<li>Universit\u00e9 des Sciences et Technologies Houari BOUMEDIENE -Alger <\/li>\r\n<\/ul>\r\n\r\n\r\n\r\n<ul class=\"wp-block-list\">\r\n<li>Universit\u00e9 Saad DAHLEB de Blida -Alg\u00e9rie- <\/li>\r\n<\/ul>\r\n\r\n\r\n\r\n<ul class=\"wp-block-list\">\r\n<li>Universit\u00e9 d\u2019Alger -Alg\u00e9rie- <\/li>\r\n<\/ul>\r\n\r\n\r\n\r\n<ul class=\"wp-block-list\">\r\n<li>Universit\u00e9 Abderrahmane MIRA de Bejaia -Alg\u00e9rie- <\/li>\r\n<\/ul>\r\n\r\n\r\n\r\n<ul class=\"wp-block-list\">\r\n<li>Universit\u00e9 Mouloud MAAMERI de Tizi Ouzou -Alg\u00e9rie- <\/li>\r\n<\/ul>\r\n\r\n\r\n\r\n<ul class=\"wp-block-list\">\r\n<li>Universit\u00e9 de JIJEL -Alg\u00e9rie- <\/li>\r\n<\/ul>\r\n\r\n\r\n\r\n<ul class=\"wp-block-list\">\r\n<li>\u00c9cole Nationale Polytechnique ENP -Alg\u00e9rie- <\/li>\r\n<\/ul>\r\n\r\n\r\n\r\n<ul class=\"wp-block-list\">\r\n<li>\u00c9cole Nationale d\u2019Administration ENA-Alg\u00e9rie-<\/li>\r\n<\/ul>\r\n\r\n\r\n\r\n<h3 class=\"wp-block-heading\">Objectifs RIBU<\/h3>\r\n\r\n\r\n\r\n<ul class=\"wp-block-list\">\r\n<li>Constitution d'un catalogue collectif entre les membres du projet.<\/li>\r\n\r\n\r\n\r\n<li>Informatisation, et num\u00e9risation des documents.<\/li>\r\n\r\n\r\n\r\n<li>Int\u00e9gration des NTIC.<\/li>\r\n\r\n\r\n\r\n<li>Contribution \u00e0 l'\u00e9laboration d'une politique de diffusion de l'Information Scientifique et Technique.<\/li>\r\n\r\n\r\n\r\n<li>Le Centre de Recherche sur l'information scientifique et Technique \"Cerist\"<\/li>\r\n<\/ul>","protected":false},"excerpt":{"rendered":"<p>RIBU Regional Inter-University Library Network The establishment of a Regional Inter-University Library Network (RIBU) project was driven by the necessity to consolidate the existing documentary resources within the university libraries in the central region. The Algerian institutions involved in this <a href=\"https:\/\/bu.univ-boumerdes.dz\/fr\/cooperation-projects\/\" class=\"read-more\">Read More &#8230;<\/a><\/p>","protected":false},"author":1,"featured_media":0,"parent":0,"menu_order":0,"comment_status":"closed","ping_status":"closed","template":"","meta":{"footnotes":""},"class_list":["post-38","page","type-page","status-publish","hentry"],"_links":{"self":[{"href":"https:\/\/bu.univ-boumerdes.dz\/fr\/wp-json\/wp\/v2\/pages\/38","targetHints":{"allow":["GET"]}}],"collection":[{"href":"https:\/\/bu.univ-boumerdes.dz\/fr\/wp-json\/wp\/v2\/pages"}],"about":[{"href":"https:\/\/bu.univ-boumerdes.dz\/fr\/wp-json\/wp\/v2\/types\/page"}],"author":[{"embeddable":true,"href":"https:\/\/bu.univ-boumerdes.dz\/fr\/wp-json\/wp\/v2\/users\/1"}],"replies":[{"embeddable":true,"href":"https:\/\/bu.univ-boumerdes.dz\/fr\/wp-json\/wp\/v2\/comments?post=38"}],"version-history":[{"count":1,"href":"https:\/\/bu.univ-boumerdes.dz\/fr\/wp-json\/wp\/v2\/pages\/38\/revisions"}],"predecessor-version":[{"id":40,"href":"https:\/\/bu.univ-boumerdes.dz\/fr\/wp-json\/wp\/v2\/pages\/38\/revisions\/40"}],"wp:attachment":[{"href":"https:\/\/bu.univ-boumerdes.dz\/fr\/wp-json\/wp\/v2\/media?parent=38"}],"curies":[{"name":"wp","href":"https:\/\/api.w.org\/{rel}","templated":true}]}}