{"id":35,"date":"2023-01-17T09:07:46","date_gmt":"2023-01-17T09:07:46","guid":{"rendered":"https:\/\/bu2.univ-boumerdes.dz\/?page_id=35"},"modified":"2023-12-12T12:49:46","modified_gmt":"2023-12-12T12:49:46","slug":"events","status":"publish","type":"page","link":"https:\/\/bu.univ-boumerdes.dz\/fr\/events\/","title":{"rendered":"Ev\u00e8nement"},"content":{"rendered":"<h2 class=\"wp-block-heading translation-block\">Les 14 et 15 d\u00e9cembre 2015  La biblioth\u00e8que centrale  participe au colloque international \u00ab M\u00e9moire et num\u00e9risation du patrimoine culturel ;  entre les d\u00e9fis de pr\u00e9servation et les opportunit\u00e9s d\u2019accessibilit\u00e9 \u00bb.<\/h2>\r\n\r\n\r\n\r\n<p>Mr le Directeur de la Biblioth\u00e8que central, au nom de l\u2019Universit\u00e9 M\u2019Hamed Bougara de Boumerdes , a particip\u00e9 au  colloque international \u00ab M\u00e9moire et   num\u00e9risation du patrimoine culturel ;  entre les d\u00e9fis de pr\u00e9servation et les opportunit\u00e9s d\u2019accessibilit\u00e9 \u00bb qui s\u2019est d\u00e9roul\u00e9 les 14 et 15 d\u00e9cembre 2015 \u00e0 l\u2019Universit\u00e9 Abdelhamid Mehri \u2013 Constantine 2, avec une communication intitul\u00e9e  \u00ab Double exp\u00e9rience de coop\u00e9ration nationale et r\u00e9gionale ; cas de RIBU et IsteMag \u00bb  afin de mettre en valeur et  les exp\u00e9riences acquises par l\u2019UMBB dans la coop\u00e9ration euromaghr\u00e9bine  en mati\u00e8re de ressources documentaires \u00e0 l\u2019\u00e8re  de la num\u00e9ration et des nouvelles technologies.<\/p>\r\n\r\n\r\n\r\n<p>Ce colloque  a \u00e9t\u00e9 organis\u00e9 dans le cadre de la manifestation \u00ab Constantine, capitale de la culture arabe \u00bb,  par l\u2019Institut de Biblioth\u00e9conomie et de Documentation  , Universit\u00e9 Abdelhamid Mehri \u2013 Constantine 2 (Alg\u00e9rie) et l\u2019Institut Sup\u00e9rieur de Documentation , Universit\u00e9 de Manouba (Tunisie)   , en collaboration avec  le Laboratoire des Etudes et de Recherche  en  Information  et Documentation Scientifique  et Technologique  (LERIST)  et le Laboratoire  des  Nouvelles Technologies  et  leur r\u00f4le dans le D\u00e9veloppement National  ( LNTIDN).<\/p>\r\n\r\n\r\n\r\n<p class=\"has-black-color has-text-color has-link-color wp-elements-4a59f32c4be9eb79254d37fd2052d813\"><br><strong>Principaux axes :<\/strong><\/p>\r\n\r\n\r\n\r\n<ul class=\"wp-block-list\">\r\n<li>-M\u00e9moire  num\u00e9rique   entre les d\u00e9fis de pr\u00e9servation et les opportunit\u00e9s d\u2019accessibilit\u00e9<\/li>\r\n\r\n\r\n\r\n<li>-Politique et projets de num\u00e9risation<\/li>\r\n\r\n\r\n\r\n<li>-La num\u00e9risation et ses requis techniques, \u00e9conomiques et juridiques<\/li>\r\n\r\n\r\n\r\n<li>-Le r\u00f4le des biblioth\u00e8ques et centre d\u2019archives et mus\u00e9es dans la valorisation de la m\u00e9moire<\/li>\r\n\r\n\r\n\r\n<li>-L\u2019enseignement sup\u00e9rieur et la recherche scientifique et son adaptation avec les d\u00e9fis du  monde num\u00e9rique.<\/li>\r\n<\/ul>\r\n\r\n\r\n\r\n<p class=\"has-black-color has-text-color has-link-color wp-elements-b4b4a60e82a860c965d08dbd72cfaece\"><strong>Objectifs<\/strong>:<\/p>\r\n\r\n\r\n\r\n<ul class=\"wp-block-list\">\r\n<li>Regrouper les sp\u00e9cialistes et professionnels du domaine et d\u00e9battre leurs recherches et exp\u00e9riences ;<\/li>\r\n\r\n\r\n\r\n<li>D\u00e9finir les obstacles et difficult\u00e9s  toutes cat\u00e9gories confondues (financi\u00e8res,  juridiques, technologiques \u2026etc   et sugg\u00e9rer les solutions ad\u00e9quates ;<\/li>\r\n\r\n\r\n\r\n<li>Pr\u00e9senter un \u00e9chantillon des diff\u00e9rents cas de  num\u00e9risation r\u00e9ussie dans le patrimoine documentaire ;<\/li>\r\n\r\n\r\n\r\n<li>Proposer les solutions  afin de surmonter les obstacles  qui entravent la concr\u00e9tisation  des projets de num\u00e9risation dans les \u00e9tablissements documentaires  et faire face aux d\u00e9fis  de pr\u00e9servation num\u00e9rique  dans l\u2019environnement arabe et mondial en particulier.<\/li>\r\n<\/ul>\r\n\r\n\r\n\r\n<h2 class=\"wp-block-heading has-navy-blue-color has-text-color has-link-color wp-elements-abe9278e8c869995c74f68790629afc0\">Le 24 Novembre 2015: Journ\u00e9e d'\u00e9tude R\u00e9gionale sur les archives ouvertes<\/h2>\r\n\r\n\r\n\r\n<p>Exp\u00e9rience des \u00e9tablissements Alg\u00e9riens membres du projet ISTeMag (Essaimage du projet ISTeMag)<\/p>\r\n\r\n\r\n\r\n<p>Consultez les communications:<\/p>\r\n\r\n\r\n\r\n<ul class=\"wp-block-list\">\r\n<li>- Pr\u00e9sentation du programme ISTeMAG par Mr N.Meftouh<\/li>\r\n\r\n\r\n\r\n<li>- Pr\u00e9sentation de l'exp\u00e9rience des archives ouvertes de l'Universit\u00e9 de Tlemcen, par Mme H.Kara Terki<\/li>\r\n\r\n\r\n\r\n<li>- Pr\u00e9sentation de l'exp\u00e9rience des archives ouvertes de l'Universit\u00e9 de Boumerdes, par Mme Allouche<\/li>\r\n\r\n\r\n\r\n<li>- Pr\u00e9sentation de l'analyse du questionnaire sur les archives ouvertes, par Mme Djaidja<\/li>\r\n\r\n\r\n\r\n<li>- Pr\u00e9sentation de l'exp\u00e9rience des archives ouvertes de l'Universit\u00e9 de Tlemcen, par Mme H.Kara Terki<\/li>\r\n<\/ul>\r\n\r\n\r\n\r\n<h2 class=\"wp-block-heading\">Du 03 au 05 Novembre 2015: Journ\u00e9es portes ouvertes sur la biblioth\u00e8que centrale.<\/h2>\r\n\r\n\r\n\r\n<p>La biblioth\u00e8que centrale de l'universit\u00e9 M'Hamed Bougara a organis\u00e9, du 03 au 05 Novembre 2015 des journ\u00e9es portes ouvertes afin de faire connaitre ses diff\u00e9rents services offerts  \u00e0 ses usagers notamment les nouveaux bacheliers.<\/p>\r\n\r\n\r\n\r\n<p>L'ouverture   s\u2019est d\u00e9roul\u00e9e en pr\u00e9sence de Mr le vice- Recteur  Charg\u00e9 du D\u00e9veloppement, de la Prospective et de l\u2019Orientation, Mr le Doyen de la facult\u00e9 de Droit, Mr le Directeur de la biblioth\u00e8que centrale, les Chefs de services de la Biblioth\u00e8que centrale, ainsi que les repr\u00e9sentants  des biblioth\u00e8ques des facult\u00e9s.<\/p>\r\n\r\n\r\n\r\n<p>Tout au long de ces journ\u00e9es, un programme d\u2019activit\u00e9 riche a \u00e9t\u00e9 mis en place dont : exposition d\u2019ouvrages de la nouvelle acquisition 2015, diffusion de  vid\u00e9os sur la biblioth\u00e8que, des visites guid\u00e9es, et des formations aide  la  recherche bibliographique.<\/p>\r\n\r\n\r\n\r\n<h2 class=\"wp-block-heading\">Du 19 au 21 octobre 2014 : Colloque international  sur \u00ab L\u2019Autorit\u00e9 et ses discours \u00bb<\/h2>\r\n\r\n\r\n\r\n<p>Le D\u00e9partement des langues \u00e9trang\u00e8res de l\u2019Universit\u00e9 de Boumerdes a organis\u00e9, \u00e0 la Biblioth\u00e8que Universitaire Centrale du 19 au 21 Octobre 2014, un colloque international sur \u00ab \u00ab L\u2019Autorit\u00e9 et ses discours \u00bb qui a vu la participation de plusieurs  chercheurs et de professeurs de renom venus de diverses universit\u00e9s du pays et de l\u2019\u00e9tranger. Ces acad\u00e9miciens ont analys\u00e9 au cours de trois jours la nature et les diff\u00e9rents types d\u2019autorit\u00e9, ses discours et son influence sur la soci\u00e9t\u00e9...lire la suite<\/p>\r\n\r\n\r\n\r\n<p>Objectif du colloque :<\/p>\r\n\r\n\r\n\r\n<p>L\u2019objectif du colloque \u00ab L\u2019Autorit\u00e9 et ses discours \u00bb est de r\u00e9fl\u00e9chir, d\u2019une part, aux m\u00e9canismes discursifs par le biais desquels se construit, se manifeste, se conteste et se d\u00e9monte l\u2019autorit\u00e9 et, d\u2019autre part, \u00e0 la repr\u00e9sentation de l\u2019autorit\u00e9 dans le discours populaire, m\u00e9diatique, litt\u00e9raire, ou autre. Quelle est l\u2019utilit\u00e9 de l\u2019autorit\u00e9 dans l\u2019organisation sociale et politique ? Faut-il, comme il est de bon ton de le faire aujourd\u2019hui, revendiquer l\u2019assouplissement de l\u2019autorit\u00e9 ou, au contraire, pr\u00eacher un retour \u00e0 une autorit\u00e9 plus stricte ?<\/p>\r\n\r\n\r\n\r\n<p><strong>Grands axes du colloque :<\/strong><\/p>\r\n\r\n\r\n\r\n<ul class=\"wp-block-list\">\r\n<li>Autorit\u00e9 et politique : <\/li>\r\n\r\n\r\n\r\n<li>Autorit\u00e9 et \u00ab guerre des sexes \u00bb: <\/li>\r\n\r\n\r\n\r\n<li>Autorit\u00e9 et litt\u00e9rature : <\/li>\r\n\r\n\r\n\r\n<li>Autorit\u00e9 et monde acad\u00e9mique: <\/li>\r\n\r\n\r\n\r\n<li>Autorit\u00e9 et censure <\/li>\r\n\r\n\r\n\r\n<li>Discours et domination coloniale <\/li>\r\n\r\n\r\n\r\n<li>Discours de la r\u00e9sistance: <\/li>\r\n\r\n\r\n\r\n<li>Opposants, dissidents, syndicalistes <\/li>\r\n\r\n\r\n\r\n<li>\u00ab L\u2019Empire contre-attaque \u00bb <\/li>\r\n\r\n\r\n\r\n<li>Le discours du patriarcat <\/li>\r\n\r\n\r\n\r\n<li>Le discours du f\u00e9minisme <\/li>\r\n\r\n\r\n\r\n<li>Repr\u00e9sentation de l\u2019autorit\u00e9 en litt\u00e9rature <\/li>\r\n\r\n\r\n\r\n<li>Hi\u00e9rarchie des genres litt\u00e9raires<\/li>\r\n\r\n\r\n\r\n<li>Canons litt\u00e9raires <\/li>\r\n\r\n\r\n\r\n<li>Institutions et prix litt\u00e9raires <\/li>\r\n\r\n\r\n\r\n<li>Influences litt\u00e9raires <\/li>\r\n\r\n\r\n\r\n<li>Autorit\u00e9 et savoir <\/li>\r\n\r\n\r\n\r\n<li>Citations et arguments d\u2019autorit\u00e9<\/li>\r\n\r\n\r\n\r\n<li> Evolution de la relation enseignant-enseign\u00e9<\/li>\r\n<\/ul>\r\n\r\n\r\n\r\n<p><strong>Comit\u00e9 scientifique (par ordre alphab\u00e9tique) :<\/strong><\/p>\r\n\r\n\r\n\r\n<ul class=\"wp-block-list\">\r\n<li>ARAB Si Abderrahmane, Universit\u00e9 de Boumerd\u00e8s <\/li>\r\n\r\n\r\n\r\n<li>BENABED Fella, Universit\u00e9 d\u2019Annaba <\/li>\r\n\r\n\r\n\r\n<li>BENAOUDA Habiba, Universit\u00e9 de Boumerd\u00e8s <\/li>\r\n\r\n\r\n\r\n<li>BENGUESMIA Mahdia, Universit\u00e9 de Batna <\/li>\r\n\r\n\r\n\r\n<li>BOUKERMA Fatima-Zohra, Universit\u00e9 de Boumerd\u00e8s <\/li>\r\n\r\n\r\n\r\n<li>DINE Philip, Universit\u00e9 nationale d\u2019Irlande, Galway <\/li>\r\n\r\n\r\n\r\n<li>CHOUITEN Lynda, Universit\u00e9 de Boumerd\u00e8s <\/li>\r\n\r\n\r\n\r\n<li>DINE Philip, Universit\u00e9 nationale d\u2019Irlande, Galway <\/li>\r\n\r\n\r\n\r\n<li>FORSDICK Charles, Universit\u00e9 de Liverpool <\/li>\r\n\r\n\r\n\r\n<li>GUERIN Jean-Yves, Universit\u00e9 Sorbonne Nouvelle - Paris III<\/li>\r\n<\/ul>\r\n\r\n\r\n\r\n<h2 class=\"wp-block-heading\">Des Journ\u00e9es Portes Ouvertes sur les Biblioth\u00e8ques de l\u2019UMBB du 14 au 16 octobre 2014<\/h2>\r\n\r\n\r\n\r\n<p>Pour une meilleure visibilit\u00e9 des services offerts  par les Biblioth\u00e8ques de l\u2019Universit\u00e9 M\u2019Hamed Bougara  et  afin de partager les exp\u00e9riences entre les diff\u00e9rents acteurs dans le domaine biblioth\u00e9caire, La Biblioth\u00e8que universitaire organise, du 14 au 16 octobre 2014, des Journ\u00e9es Portes Ouvertes sur les Biblioth\u00e8ques de l\u2019UMBB\u2026.Lire la suite<\/p>\r\n\r\n\r\n\r\n<p><strong>Participants<\/strong>:<\/p>\r\n\r\n\r\n\r\n<ul class=\"wp-block-list\">\r\n<li>-  Biblioth\u00e8que Universitaire<\/li>\r\n\r\n\r\n\r\n<li>La Biblioth\u00e8que de l\u2019Institut de G\u00e9nie Electrique et Electronique, BIGEE<\/li>\r\n\r\n\r\n\r\n<li>- Biblioth\u00e8que de la Facult\u00e9 des Sciences de l\u2019Ing\u00e9nieur<\/li>\r\n\r\n\r\n\r\n<li>La Biblioth\u00e8que de la Facult\u00e9 des Hydrocarbures et de la Chimie, BFHC<\/li>\r\n\r\n\r\n\r\n<li>La Biblioth\u00e8que de la Facult\u00e9 des Sciences Economiques, Sciences Commerciales et Sciences de Gestion, BFSESCSG<\/li>\r\n\r\n\r\n\r\n<li>- Biblioth\u00e8que  de la Facult\u00e9 des  Sciences<\/li>\r\n\r\n\r\n\r\n<li>La Biblioth\u00e8que de la Facult\u00e9 de Droit, BFD<\/li>\r\n<\/ul>\r\n\r\n\r\n\r\n<p><strong>Objectifs<\/strong>:<\/p>\r\n\r\n\r\n\r\n<ul class=\"wp-block-list\">\r\n<li>-  Initier les nouveaux \u00e9tudiants \u00e0 la recherche documentaire en versions papier et   \u00e9lectronique.<\/li>\r\n\r\n\r\n\r\n<li>-  Sensibiliser les utilisateurs sur  l\u2019importance et l\u2019impact de la Biblioth\u00e8que dans la recherche acad\u00e9mique.<\/li>\r\n\r\n\r\n\r\n<li>-  Offrir un cadre  id\u00e9al  pour l\u2019\u00e9change des exp\u00e9riences et de savoir-faire entre les Biblioth\u00e8ques de l\u2019UMBB.<\/li>\r\n\r\n\r\n\r\n<li>-  Renforcer le sens de la communication et de la coordination entre les diff\u00e9rents services des Biblioth\u00e8ques de Facult\u00e9s.<\/li>\r\n<\/ul>\r\n\r\n\r\n\r\n<h2 class=\"wp-block-heading\">Le 1er colloque national sur les services d\u2019information dans les biblioth\u00e8ques universitaires Alg\u00e9riennes : r\u00e9alit\u00e9 et perspectives<\/h2>\r\n\r\n\r\n\r\n<h2 class=\"wp-block-heading\">14 et 15 Mai 2014<\/h2>\r\n\r\n\r\n\r\n<p>Probl\u00e9matique:\nLa biblioth\u00e8que universitaire est une institution scientifique et culturelle qui joue un r\u00f4le de premier plan dans l'am\u00e9lioration du niveau acad\u00e9mique des \u00e9tudiants d'une part, et le d\u00e9veloppement de la recherche scientifique d'autre part suivant les d\u00e9veloppements qu\u2019ont connu ses missions et ses objectifs au fil du temps. Si Dans le pass\u00e9, la biblioth\u00e8que \u00e9tait juste un lieu qui servait de d\u00e9p\u00f4t \u00e0 la production intellectuelle pour la pr\u00e9server et la mettre \u00e0 la port\u00e9e des chercheurs, elle est devenue aujourd\u2019hui une institution scientifique parfaite et une cellule de recherche active, vivante et dynamique qui contribue \u00e0 la\nproduction scientifique et son d\u00e9veloppement . Elle est aussi un facteur in\u00e9vitable dans l\u2019op\u00e9ration de sauvegarde de l\u2019information, son organisation, son analyse et sa diffusion au niveau de l\u2019universit\u00e9 et des instituts de recherche acad\u00e9miques.\nAu cours des derni\u00e8res ann\u00e9es, les biblioth\u00e8ques universitaires ont connu de profondes mutations en raison de la r\u00e9cente r\u00e9volution informatique. L'information ne cesse de se d\u00e9velopper de jour en jour, ainsi que la technologie contribuant \u00e0 sa diffusion et \u00e0 sa restitution. Ces deux facteurs (Informatique et Technologie) ont pes\u00e9 de leur poids sur les\nbiblioth\u00e8ques universitaires qui se sont impliqu\u00e9es depuis dans la recherche des moyens les plus efficaces pour faire face \u00e0 ces nouvelles donn\u00e9es, afin de r\u00e9pondre aux d\u00e9fis impos\u00e9s \u00e0 l\u2019\u00e8re de la technologie digitale. Tous ces facteurs ont influ\u00e9 \u00e0 des degr\u00e9s divers sur les biblioth\u00e8ques universitaires.<\/p>\r\n\r\n\r\n\r\n<p>Quelles est donc, la r\u00e9alit\u00e9 des biblioth\u00e8ques universitaires en Alg\u00e9rie au milieu de ces mutations ?<\/p>\r\n\r\n\r\n\r\n<p>Pour d\u00e9battre cette probl\u00e9matique, il convient de poser les questions suivantes: <\/p>\r\n\r\n\r\n\r\n<p>Les nouvelles technologies ont-elles un impact sur les services d'information au sein des biblioth\u00e8ques universitaires en Alg\u00e9rie ? <\/p>\r\n\r\n\r\n\r\n<p>Quels sont les services d'information fournis par les biblioth\u00e8ques universitaires en Alg\u00e9rie et quelle est leur r\u00e9alit\u00e9? <\/p>\r\n\r\n\r\n\r\n<p>Dans quelle mesure les biblioth\u00e8ques universitaires r\u00e9pondent-elles aux besoins des usagers ?<\/p>\r\n\r\n\r\n\r\n<p><\/p>","protected":false},"excerpt":{"rendered":"<p>The Central Library of the University M&#8217;Hamed Bougara de Boumerd\u00e8s participated in the international conference &#8220;Memory and digitization of cultural heritage: between the challenges of preservation and the opportunities of accessibility&#8221; held on December 14th and 15th, 2015, at the <a href=\"https:\/\/bu.univ-boumerdes.dz\/fr\/events\/\" class=\"read-more\">Read More &#8230;<\/a><\/p>","protected":false},"author":1,"featured_media":0,"parent":0,"menu_order":0,"comment_status":"closed","ping_status":"closed","template":"","meta":{"footnotes":""},"class_list":["post-35","page","type-page","status-publish","hentry"],"_links":{"self":[{"href":"https:\/\/bu.univ-boumerdes.dz\/fr\/wp-json\/wp\/v2\/pages\/35","targetHints":{"allow":["GET"]}}],"collection":[{"href":"https:\/\/bu.univ-boumerdes.dz\/fr\/wp-json\/wp\/v2\/pages"}],"about":[{"href":"https:\/\/bu.univ-boumerdes.dz\/fr\/wp-json\/wp\/v2\/types\/page"}],"author":[{"embeddable":true,"href":"https:\/\/bu.univ-boumerdes.dz\/fr\/wp-json\/wp\/v2\/users\/1"}],"replies":[{"embeddable":true,"href":"https:\/\/bu.univ-boumerdes.dz\/fr\/wp-json\/wp\/v2\/comments?post=35"}],"version-history":[{"count":1,"href":"https:\/\/bu.univ-boumerdes.dz\/fr\/wp-json\/wp\/v2\/pages\/35\/revisions"}],"predecessor-version":[{"id":37,"href":"https:\/\/bu.univ-boumerdes.dz\/fr\/wp-json\/wp\/v2\/pages\/35\/revisions\/37"}],"wp:attachment":[{"href":"https:\/\/bu.univ-boumerdes.dz\/fr\/wp-json\/wp\/v2\/media?parent=35"}],"curies":[{"name":"wp","href":"https:\/\/api.w.org\/{rel}","templated":true}]}}