{"id":32,"date":"2023-01-17T09:07:15","date_gmt":"2023-01-17T09:07:15","guid":{"rendered":"https:\/\/bu2.univ-boumerdes.dz\/?page_id=32"},"modified":"2023-12-12T10:42:47","modified_gmt":"2023-12-12T10:42:47","slug":"library-rules-and-regulations","status":"publish","type":"page","link":"https:\/\/bu.univ-boumerdes.dz\/fr\/library-rules-and-regulations\/","title":{"rendered":"R\u00e8glement Int\u00e9rieur"},"content":{"rendered":"<p><strong>Article 1: Missions<\/strong><\/p>\r\n\r\n\r\n\r\n<p>Les biblioth\u00e8ques concern\u00e9es par le pr\u00e9sent r\u00e8glement sont :<\/p>\r\n\r\n\r\n\r\n<ul class=\"wp-block-list\">\r\n<li>La Biblioth\u00e8que Universitaire, BU<\/li>\r\n\r\n\r\n\r\n<li>La Biblioth\u00e8que de la Facult\u00e9 des Hydrocarbures et de la Chimie, BFHC<\/li>\r\n\r\n\r\n\r\n<li>La Biblioth\u00e8que de la Facult\u00e9 des Sciences de l\u2019Ing\u00e9nieur, BFSI<\/li>\r\n\r\n\r\n\r\n<li>La Biblioth\u00e8que de la Facult\u00e9 des sciences, BFS<\/li>\r\n\r\n\r\n\r\n<li>La Biblioth\u00e8que de la Facult\u00e9 de Droit, BFD<\/li>\r\n\r\n\r\n\r\n<li>La Biblioth\u00e8que de la Facult\u00e9 des Sciences Economiques, Sciences Commerciales et Sciences de Gestion, BFSESCSG<\/li>\r\n\r\n\r\n\r\n<li>La Biblioth\u00e8que de l\u2019Institut de G\u00e9nie Electrique et Electronique, BIGEE<\/li>\r\n<\/ul>\r\n\r\n\r\n\r\n<p>Les Biblioth\u00e8ques de l\u2019UMBB constituent un service public charg\u00e9 de contribuer \u00e0:<\/p>\r\n\r\n\r\n\r\n<ul class=\"wp-block-list\">\r\n<li>Acqu\u00e9rir, g\u00e9rer et communiquer les documents n\u00e9cessaires \u00e0 l'enseignement et \u00e0 la recherche,<\/li>\r\n\r\n\r\n\r\n<li>Accueillir et informer les usagers,<\/li>\r\n\r\n\r\n\r\n<li>Former les usagers \u00e0 l\u2019utilisation des ressources documentaires sous ses diff\u00e9rentes formes.<\/li>\r\n<\/ul>\r\n\r\n\r\n\r\n<p><strong>Article 2 : Inscription et acc\u00e8s<\/strong><\/p>\r\n\r\n\r\n\r\n<p>L\u2019acc\u00e8s aux biblioth\u00e8ques de l\u2019UMBB est ouvert \u00e0 tous les usagers inscrits \u00e0 l\u2019UMBB dans la limite des places disponibles. La priorit\u00e9 est donn\u00e9e aux usagers appartenant \u00e0 la biblioth\u00e8que d\u2019origine.<\/p>\r\n\r\n\r\n\r\n<p>L'inscription se fait au bureau d\u2019accueil de chaque biblioth\u00e8que.<\/p>\r\n\r\n\r\n\r\n<p>Les cartes de biblioth\u00e8que sont strictement personnelles et sont exig\u00e9es pour l\u2019acc\u00e8s \u00e0 la biblioth\u00e8que et pour toute op\u00e9ration de pr\u00eat. Elles sont valables pour l'ann\u00e9e universitaire en cours.<\/p>\r\n\r\n\r\n\r\n<p>Les usagers qui appartiennent aux autres facult\u00e9s et institut acc\u00e8dent aux biblioth\u00e8ques sous r\u00e9serve d\u2019une autorisation d\u2019acc\u00e8s d\u00e9livr\u00e9e par leur biblioth\u00e8que d\u2019origine.<\/p>\r\n\r\n\r\n\r\n<p>Outre les \u00e9tudiants inscrits \u00e0 l\u2019UMBB, les cat\u00e9gories suivantes peuvent b\u00e9n\u00e9ficier des services de biblioth\u00e8ques :<\/p>\r\n\r\n\r\n\r\n<ul class=\"wp-block-list\">\r\n<li>Les membres du personnel de l\u2019UMBB<\/li>\r\n\r\n\r\n\r\n<li>Les chercheurs des \u00e9tablissements li\u00e9s par une convention avec l\u2019UMBB<\/li>\r\n\r\n\r\n\r\n<li>Les \u00e9tudiants inscrits dans des formations sous convention entre l\u2019UMBB et leur \u00e9tablissement<\/li>\r\n\r\n\r\n\r\n<li>Les stagiaires, dans le cadre de la coop\u00e9ration avec une universit\u00e9 \u00e9trang\u00e8re,<\/li>\r\n\r\n\r\n\r\n<li>Les \u00e9tudiants en fin de cycle appartenant \u00e0 d\u2019autres universit\u00e9s sur demande d\u2019acc\u00e8s \u00e9manant de leur biblioth\u00e8que ou leur facult\u00e9 d\u2019origine.<\/li>\r\n<\/ul>\r\n\r\n\r\n\r\n<p><strong>Article 3 : Jours et Horaires d\u2019ouverture<\/strong><\/p>\r\n\r\n\r\n\r\n<p>Les biblioth\u00e8ques sont ouvertes de dimanche \u00e0 jeudi comme suit :<\/p>\r\n\r\n\r\n\r\n<figure class=\"wp-block-table\"><table><thead><tr><th>Biblioth\u00e8que<\/th><th>Horaires<\/th><\/tr><\/thead><tbody><tr><td>BU<\/td><td>8h30 \u00e0 22h00<\/td><\/tr><tr><td>BFSESCSG<\/td><td>8.30 - 18.00<\/td><\/tr><tr><td>BFSI<\/td><td>8.30 - 20.00<\/td><\/tr><tr><td>BFHC<\/td><td>8h30 \u00e0 22h00<\/td><\/tr><tr><td>BFD<\/td><td>8.30 - 16.00<\/td><\/tr><tr><td>BFS<\/td><td>8.30 - 16.00<\/td><\/tr><tr><td>BIGEE<\/td><td>8.30 - 16.00<\/td><\/tr><\/tbody><\/table><\/figure>\r\n\r\n\r\n\r\n<p>L\u2019horaire peut \u00eatre modifi\u00e9 pendant la p\u00e9riode des examens et les vacances universitaires.\nLes horaires d'ouverture et les p\u00e9riodes de fermeture de la biblioth\u00e8que sont affich\u00e9s dans les locaux et consultables sur le portail des biblioth\u00e8ques de l\u2019UMBB ( www.univ-boumerdes.dz).<a href=\"http:\/\/www.univ-boumerdes.dz\/\">www.univ-boumerdes.dz<\/a>).<\/p>\r\n\r\n\r\n\r\n<p><strong>Article 4 : Le Comportement<\/strong><\/p>\r\n\r\n\r\n\r\n<p>Les usagers sont tenus de:<\/p>\r\n\r\n\r\n\r\n<ul class=\"wp-block-list\">\r\n<li>Respecter le calme \u00e0 l\u2019int\u00e9rieur des locaux des biblioth\u00e8ques et d\u2019y avoir une conduite respectueuse,<\/li>\r\n\r\n\r\n\r\n<li>Pr\u00e9server la propret\u00e9 des lieux,<\/li>\r\n\r\n\r\n\r\n<li>Ne pas d\u00e9t\u00e9riorer les locaux, les \u00e9quipements, les mobiliers et les documents<\/li>\r\n<\/ul>\r\n\r\n\r\n\r\n<p>Ils doivent s\u2019abstenir de :<\/p>\r\n\r\n\r\n\r\n<ul class=\"wp-block-list\">\r\n<li>Fumer ou de manger (voir art .03 du d\u00e9cret ex\u00e9cutif n\u00b0 01-285 du 24 Septembre 2001 fixant les lieux publiques o\u00f9 l\u2019usage de tabac est interdit et les modalit\u00e9s d\u2019application de cette interdiction),<\/li>\r\n\r\n\r\n\r\n<li>Faire usage d\u2019un appareil sonore ou d\u2019un t\u00e9l\u00e9phone portable,<\/li>\r\n\r\n\r\n\r\n<li>Se livrer \u00e0 tout commerce ou publicit\u00e9,<\/li>\r\n\r\n\r\n\r\n<li>Occuper plus d\u2019une place assise,<\/li>\r\n\r\n\r\n\r\n<li>P\u00e9n\u00e9trer sans autorisation dans les espaces r\u00e9serv\u00e9s au personnel,<\/li>\r\n\r\n\r\n\r\n<li>Distribuer des tracts ou d'apposer des affiches.<\/li>\r\n<\/ul>\r\n\r\n\r\n\r\n<p>Les prises de photos, films, enregistrements, reportages, interviews, enqu\u00eates sont soumis \u00e0 une demande d'autorisation.<\/p>\r\n\r\n\r\n\r\n<h3 class=\"wp-block-heading\">Article 5 : Le non respect des r\u00e8gles de comportement<\/h3>\r\n\r\n\r\n\r\n<p>Le non respect des r\u00e8gles de comportement sera sanctionn\u00e9, selon la gravit\u00e9 de la faute constat\u00e9e, par :<\/p>\r\n\r\n\r\n\r\n<ul class=\"wp-block-list\">\r\n<li>Un avertissement notifi\u00e9 par \u00e9crit,<\/li>\r\n\r\n\r\n\r\n<li>Une exclusion de 3 mois en cas de r\u00e9cidive,<\/li>\r\n\r\n\r\n\r\n<li>une exclusion pour toute l\u2019ann\u00e9e universitaire et la transmission du dossier aux services comp\u00e9tents de l\u2019Universit\u00e9<\/li>\r\n<\/ul>\r\n\r\n\r\n\r\n<h3 class=\"wp-block-heading\">Article 6 : Acc\u00e8s aux documents<\/h3>\r\n\r\n\r\n\r\n<p>La consultation sur place des catalogues et des collections des biblioth\u00e8ques est ouverte prioritairement aux usagers inscrits.\nLe pr\u00eat externe et la recherche documentaire sur support informatis\u00e9 sont subordonn\u00e9s \u00e0 l'inscription \u00e0 la biblioth\u00e8que.<\/p>\r\n\r\n\r\n\r\n<h3 class=\"wp-block-heading\">Article 7: Consultation et communication des documents<\/h3>\r\n\r\n\r\n\r\n<p>A. Les ouvrages doivent \u00eatre trait\u00e9s avec le plus grand soin .Il est interdit d\u2019y faire des annotations ou des marques, d\u2019en arracher ou d\u2019en ab\u00eemer les pages o\u00f9 d\u2019emporter les documents sans \u00eatre autoris\u00e9.\nB. Tout usager est responsable de sa carte qui est strictement personnelle et toute op\u00e9ration de pr\u00eat doit s\u2019effectuer sous son nom.\nC. Le nombre de documents pr\u00eat\u00e9s ainsi que la dur\u00e9e du pr\u00eat sont en fonction du type de documents, de la cat\u00e9gorie d\u2019usager, du renouvellement de pr\u00eat et de la r\u00e9servation des documents.\nCes informations sont affich\u00e9es dans les locaux des biblioth\u00e8ques ainsi que sur le portail des biblioth\u00e8ques de l\u2019UMBB<a href=\"http:\/\/www.umbb.dz\/\">www.umbb.dz<\/a>Elles sont d\u00e9taill\u00e9es dans le Guide du lecteur.\nD. L\u2019usager est responsable de sa carte et des documents emprunt\u00e9s. En cas de perte ou de vol de sa carte, il doit pr\u00e9venir imm\u00e9diatement la biblioth\u00e8que pour lui \u00e9tablir une nouvelle carte duplicata.\nE. Sont exclus du pr\u00eat :<\/p>\r\n\r\n\r\n\r\n<ul class=\"wp-block-list\">\r\n<li>Les p\u00e9riodiques, th\u00e8ses et m\u00e9moires (sauf mentions particuli\u00e8res).<\/li>\r\n\r\n\r\n\r\n<li>Les ouvrages dits \u00ab usuels \u00bb tels que les dictionnaires, encyclop\u00e9dies, r\u00e9pertoires, ouvrages de r\u00e9f\u00e9rence, \u2026<\/li>\r\n\r\n\r\n\r\n<li>Tout document portant la mention \u00ab exclu du pr\u00eat \u00bb. <\/li>\r\n\r\n\r\n\r\n<li>\u00c0 titre exceptionnel, des pr\u00eats sp\u00e9ciaux sont possibles sur demande d\u00fbment motiv\u00e9e et apr\u00e8s accord de la Direction.<\/li>\r\n<\/ul>\r\n\r\n\r\n\r\n<p>F. Quitus :\nAu moment de la r\u00e9inscription \u00e0 l\u2019UMBB, les usagers devront fournir aux services de scolarit\u00e9 un Quitus, d\u00e9livr\u00e9 par leurs biblioth\u00e8ques d\u2019origine et la Biblioth\u00e8que Universitaire, attestant leur r\u00e9gularisation vis-\u00e0-vis du service de pr\u00eat. Ce Quitus est \u00e9galement demand\u00e9 en cas de transfert de dossier \u00e0 une autre universit\u00e9 ou lors de la d\u00e9livrance du dipl\u00f4me.\nLes proc\u00e9dures et les formalit\u00e9s du pr\u00eat (interne et externe) et autres services sont soumises \u00e0 des \u00e9ventuelles modifications jug\u00e9es n\u00e9cessaires par les directions des biblioth\u00e8ques.<\/p>\r\n\r\n\r\n\r\n<h3 class=\"wp-block-heading\">Article 8 : Contr\u00f4le et Sanctions<\/h3>\r\n\r\n\r\n\r\n<p>Le personnel est charg\u00e9 de l\u2019application du r\u00e8glement. Dans ce cadre, il est habilit\u00e9 \u00e0 demander \u00e0 un usager de lui pr\u00e9senter sa carte.\nEn cas de troubles majeurs, il sera fait appel aux services de s\u00e9curit\u00e9 de l'Universit\u00e9. <\/p>\r\n\r\n\r\n\r\n<p>A. Retard dans la restitution d\u2019un document\nTout retard dans la restitution d'un document emprunt\u00e9 entra\u00eene une suspension de pr\u00eat \u00e9gale ou sup\u00e9rieure \u00e0 la dur\u00e9e du retard.\nLa dur\u00e9e de suspension pourra \u00eatre r\u00e9\u00e9valu\u00e9e par la direction selon la nature du retard et le type des documents emprunt\u00e9s.\nLa non restitution d'un document entra\u00eene la suspension du pr\u00eat.\nDans ce cas, le dossier de l\u2019usager sera transmis au Service habilit\u00e9 jusqu'\u00e0 restitution du document. <\/p>\r\n\r\n\r\n\r\n<p>B. Document perdu ou endommag\u00e9\nTout document perdu ou endommag\u00e9 doit \u00eatre remplac\u00e9 ou rembours\u00e9 par l'usager \u00e0 raison de 03 fois le prix public de l\u2019\u00e9diteur.\nLa d\u00e9gradation de document sera sanctionn\u00e9 par :<\/p>\r\n\r\n\r\n\r\n<ul class=\"wp-block-list\">\r\n<li>Un avertissement et 3 mois de suspension de pr\u00eat,<\/li>\r\n\r\n\r\n\r\n<li>En cas de r\u00e9cidive, la dur\u00e9e de la suspension sera prolong\u00e9e jusqu'\u00e0 la fin de l'ann\u00e9e et le dossier de l\u2019usager sera transmis aux services comp\u00e9tents de l'Universit\u00e9.<\/li>\r\n<\/ul>\r\n\r\n\r\n\r\n<p>C. Vol de mat\u00e9riel\nToute tentative de vol de mat\u00e9riel sera sanctionn\u00e9e par :<\/p>\r\n\r\n\r\n\r\n<ul class=\"wp-block-list\">\r\n<li>Un avertissement et 3 mois de suspension de pr\u00eat,<\/li>\r\n\r\n\r\n\r\n<li>En cas de r\u00e9cidive, la dur\u00e9e de la suspension sera prolong\u00e9e jusqu'\u00e0 la fin de l'ann\u00e9e et le dossier de l\u2019usager sera transmis aux services comp\u00e9tents de l'Universit\u00e9.<\/li>\r\n<\/ul>\r\n\r\n\r\n\r\n<h3 class=\"wp-block-heading\">Article 9 : S\u00e9curit\u00e9<\/h3>\r\n\r\n\r\n\r\n<p>En cas d'alerte annonc\u00e9e, les usagers sont tenus d'\u00e9vacuer imm\u00e9diatement les locaux et de se conformer aux instructions du personnel et des agents de s\u00e9curit\u00e9 de la biblioth\u00e8que.<\/p>\r\n\r\n\r\n\r\n<h3 class=\"wp-block-heading\">Article 10 : R\u00e8gles d\u2019usages des ressources et \u00e9quipements informatiques<\/h3>\r\n\r\n\r\n\r\n<p>Les postes informatiques des biblioth\u00e8ques sont r\u00e9serv\u00e9s \u00e0 la recherche documentaire.\nLes usagers sont tenus de ne pas utiliser leur messagerie et de respecter les r\u00e8gles du bon usage.\nLes ressources informatiques des Biblioth\u00e8ques doivent \u00eatre utilis\u00e9es en conformit\u00e9 avec la l\u00e9gislation en vigueur, le code de la propri\u00e9t\u00e9 intellectuelle, les clauses et les accords de licence des \u00e9diteurs et la charte informatique de l\u2019UMBB.\nIl est interdit de modifier la configuration des \u00e9quipements.\nLe non-respect de ces r\u00e8gles entra\u00eene l\u2019exclusion imm\u00e9diate des locaux de la Biblioth\u00e8que<\/p>","protected":false},"excerpt":{"rendered":"<p>Article 1: Missions The libraries concerned by these regulations are: The UMBB libraries constitute a public service tasked with contributing to: Article 2: Registration and Access Access to UMBB libraries is open to all registered UMBB users within the limits <a href=\"https:\/\/bu.univ-boumerdes.dz\/fr\/library-rules-and-regulations\/\" class=\"read-more\">Read More &#8230;<\/a><\/p>","protected":false},"author":1,"featured_media":0,"parent":0,"menu_order":0,"comment_status":"closed","ping_status":"closed","template":"","meta":{"footnotes":""},"class_list":["post-32","page","type-page","status-publish","hentry"],"_links":{"self":[{"href":"https:\/\/bu.univ-boumerdes.dz\/fr\/wp-json\/wp\/v2\/pages\/32","targetHints":{"allow":["GET"]}}],"collection":[{"href":"https:\/\/bu.univ-boumerdes.dz\/fr\/wp-json\/wp\/v2\/pages"}],"about":[{"href":"https:\/\/bu.univ-boumerdes.dz\/fr\/wp-json\/wp\/v2\/types\/page"}],"author":[{"embeddable":true,"href":"https:\/\/bu.univ-boumerdes.dz\/fr\/wp-json\/wp\/v2\/users\/1"}],"replies":[{"embeddable":true,"href":"https:\/\/bu.univ-boumerdes.dz\/fr\/wp-json\/wp\/v2\/comments?post=32"}],"version-history":[{"count":1,"href":"https:\/\/bu.univ-boumerdes.dz\/fr\/wp-json\/wp\/v2\/pages\/32\/revisions"}],"predecessor-version":[{"id":34,"href":"https:\/\/bu.univ-boumerdes.dz\/fr\/wp-json\/wp\/v2\/pages\/32\/revisions\/34"}],"wp:attachment":[{"href":"https:\/\/bu.univ-boumerdes.dz\/fr\/wp-json\/wp\/v2\/media?parent=32"}],"curies":[{"name":"wp","href":"https:\/\/api.w.org\/{rel}","templated":true}]}}