{"id":29,"date":"2023-01-17T09:03:22","date_gmt":"2023-01-17T09:03:22","guid":{"rendered":"https:\/\/bu2.univ-boumerdes.dz\/?page_id=29"},"modified":"2023-12-12T07:46:20","modified_gmt":"2023-12-12T07:46:20","slug":"presentation","status":"publish","type":"page","link":"https:\/\/bu.univ-boumerdes.dz\/fr\/presentation\/","title":{"rendered":"Pr\u00e9sentation"},"content":{"rendered":"<p class=\"has-dark-gray-color has-text-color has-link-color wp-elements-3ff9d19ac819a18c729978dbf7dce95d\">La biblioth\u00e8que centrale de l\u2019UMBB est situ\u00e9e \u00e0 mi-chemin entre l\u2019Institut du G\u00e9nie \u00c9lectrique et \u00c9lectronique (ex INELEC) et l\u2019Institut Alg\u00e9rien du P\u00e9trole(IAP). Elle a \u00e9t\u00e9 inaugur\u00e9e par Monsieur le Pr\u00e9sident de la R\u00e9publique en Octobre 2004. La Biblioth\u00e8que \u00e0 pour vocation d\u2019offrir \u00e0 ses utilisateurs : \u00e9tudiants et enseignants chercheurs de l\u2019Universit\u00e9 M\u2019Hamed Bougara o\u00f9 d\u2019autres, les meilleures conditions d\u2019\u00e9tude et de recherche dans un cadre calme et agr\u00e9able. La biblioth\u00e8que est \u00e9galement un espace ouvert aux conf\u00e9rences scientifiques, techniques et culturelles nationales et internationales et \u00e0 toute activit\u00e9 contribuant au d\u00e9veloppement de l\u2019enseignement et de la recherche scientifique \u00e0 l\u2019UMBB.<\/p>\r\n\r\n\r\n\r\n<p class=\"has-dark-gray-color has-text-color has-link-color wp-elements-383d56b755c7c28357a875716176c3a2\">La biblioth\u00e8que poss\u00e8de un site web la premi\u00e8re version a \u00e9tait cr\u00e9e en 2004<\/p>\r\n\r\n\r\n\r\n<p class=\"has-black-color has-text-color has-link-color wp-elements-19c26ecea8963bd2054bcb27a1b42209\"><strong>Mission<\/strong><\/p>\r\n\r\n\r\n\r\n<p class=\"has-dark-gray-color has-text-color has-link-color wp-elements-dbfc51774f2e24c9bb11383a93cadb36\">Les missions de la biblioth\u00e8que centrale sont cit\u00e9es dans l\u2019arr\u00eat\u00e9 interminist\u00e9riel du 24 aout 2004 fixant l\u2019organisation administrative du rectorat, de la facult\u00e9, de l\u2019institut, de l\u2019annexe de l\u2019universit\u00e9 et de ses services communs, (section 3 article 21) ;<\/p>\r\n\r\n\r\n\r\n<p class=\"has-dark-gray-color has-text-color has-link-color wp-elements-f765227707810c734ab7ccc5b5bc290e\"><strong>La biblioth\u00e8que centrale de l\u2019universit\u00e9 a notamment pour mission<\/strong><\/p>\r\n\r\n\r\n\r\n<ul class=\"wp-block-list\">\r\n<li>De proposer en relation avec les biblioth\u00e8ques des facult\u00e9s et des instituts les programmes d\u2019acquisition d\u2019ouvrages et de documentation universitaire <\/li>\r\n\r\n\r\n\r\n<li>Tenir le fichier des th\u00e8ses et m\u00e9moires de post graduation <\/li>\r\n\r\n\r\n\r\n<li>D\u2019organiser le fonds documentaire de la biblioth\u00e8que centrale par l\u2019utilisation des m\u00e9thodes les plus modernes de traitement et de classement <\/li>\r\n\r\n\r\n\r\n<li>D\u2019assister les responsables des biblioth\u00e8ques de facult\u00e9s et des instituts dans la gestion des structures plac\u00e9es sous leur autorit\u00e9 <\/li>\r\n\r\n\r\n\r\n<li>D\u2019entretenir le fonds documentaire de la biblioth\u00e8que centrale et \u00e0 la mise a jour constante de son inventaire <\/li>\r\n\r\n\r\n\r\n<li>De mettre en place les conditions appropri\u00e9es d\u2019utilisation du fonds documentaire par les \u00e9tudiants et les enseignants <\/li>\r\n\r\n\r\n\r\n<li>D\u2019assister les enseignants et les \u00e9tudiants dans leurs recherches bibliographiques<\/li>\r\n<\/ul>\r\n\r\n\r\n\r\n<p class=\"has-black-color has-text-color has-link-color wp-elements-30757957c77a18b07c77a0a53e9a7e87\"><strong>Les services offerts<\/strong><\/p>\r\n\r\n\r\n\r\n<ul class=\"wp-block-list\">\r\n<li>Recherche bibliographique automatique <\/li>\r\n\r\n\r\n\r\n<li>Acc\u00e8s aux catalogues <\/li>\r\n\r\n\r\n\r\n<li>Pr\u00eat interne et externe <\/li>\r\n\r\n\r\n\r\n<li>Acc\u00e8s aux ressources \u00e9lectroniques. <\/li>\r\n\r\n\r\n\r\n<li>Acc\u00e8s aux Archives ouvertes ( production scientifique de l\u2019universit\u00e9) <\/li>\r\n\r\n\r\n\r\n<li>Formation des utilisateurs de la biblioth\u00e8que <\/li>\r\n\r\n\r\n\r\n<li>Visites guid\u00e9es aux diff\u00e9rents services <\/li>\r\n\r\n\r\n\r\n<li>Diffusion s\u00e9lective  de l\u2019information; <\/li>\r\n\r\n\r\n\r\n<li>Demande d\u2019articles scientifique \u00e0 distance <\/li>\r\n\r\n\r\n\r\n<li>Acc\u00e8s \u00e0 Internet (WIFI disponible) <\/li>\r\n\r\n\r\n\r\n<li>Acc\u00e8s aux espaces du travail collectifs<\/li>\r\n\r\n\r\n\r\n<li>Acc\u00e8s aux espaces individuels <\/li>\r\n\r\n\r\n\r\n<li>Organisation des manifestations scientifiques et culturelles. <\/li>\r\n\r\n\r\n\r\n<li>Acc\u00e8s aux services interactifs de la biblioth\u00e8que au site Web de la BU<\/li>\r\n<\/ul>\r\n\r\n\r\n\r\n<p class=\"has-black-color has-text-color has-link-color wp-elements-ac3b5d1ea3e3e6cbcdb5ee3c737a9bbd\"><strong>LA BU en chiffre<\/strong><\/p>\r\n\r\n\r\n\r\n<ul class=\"wp-block-list\">\r\n<li>Surface : 3384 M2 <\/li>\r\n\r\n\r\n\r\n<li>1000 places assises r\u00e9parties sur <\/li>\r\n\r\n\r\n\r\n<li>04 salles de lecture <\/li>\r\n\r\n\r\n\r\n<li>01 espace de lecture <\/li>\r\n\r\n\r\n\r\n<li>01 magasin d\u2019ouvrages au sous-sol <\/li>\r\n\r\n\r\n\r\n<li>01 salle de conf\u00e9rence <\/li>\r\n\r\n\r\n\r\n<li>01 salle E-learning <\/li>\r\n\r\n\r\n\r\n<li>01 centre de documentation du d\u00e9partement d\u2019anglais<\/li>\r\n<\/ul>\r\n\r\n\r\n\r\n<p class=\"has-black-color has-text-color has-link-color wp-elements-650dbc55690e29d3c5eb5b4e5b0c6ab0\"><strong>Fond documentaires<\/strong><\/p>\r\n\r\n\r\n\r\n<ul class=\"wp-block-list\">\r\n<li>Nombre de titres :46902 <\/li>\r\n\r\n\r\n\r\n<li>Nombre d\u2019exemplaires : 136401 <\/li>\r\n\r\n\r\n\r\n<li>Nombre de titre en langue arabe : 15979 <\/li>\r\n\r\n\r\n\r\n<li>Nombre de titre en langue anglaise : 4615 <\/li>\r\n\r\n\r\n\r\n<li>Nombre de titre en langue fran\u00e7aise : 26207<\/li>\r\n<\/ul>\r\n\r\n\r\n\r\n<p class=\"has-black-color has-text-color has-link-color wp-elements-5410b6e88dbdba84336c3e98a244cb82\"><strong>Ouverture de la Biblioth\u00e8que<\/strong><\/p>\r\n\r\n\r\n\r\n<ul class=\"wp-block-list\">\r\n<li>Du Dimanche au Jeudi : de 8h 00 \u00e0 22h 00\nSamedi : de 9h 00 \u00e0 16h 00 <\/li>\r\n\r\n\r\n\r\n<li>Dur\u00e9e Quotidienne d\u2019ouverture (heure) : 14 H <\/li>\r\n\r\n\r\n\r\n<li>Dur\u00e9e Hebdomadaire d\u2019ouverture (heure) : 77 H<\/li>\r\n<\/ul>\r\n\r\n\r\n\r\n<p class=\"has-black-color has-text-color has-link-color wp-elements-807f6a4ba0fc8bcf6be432f23c0970ba\"><strong>Autre<\/strong><\/p>\r\n\r\n\r\n\r\n<ul class=\"wp-block-list\">\r\n<li>Personnel : 70 employ\u00e9s dont <\/li>\r\n\r\n\r\n\r\n<li>19 Biblioth\u00e9caires (29%) <\/li>\r\n\r\n\r\n\r\n<li>23000 transaction de pr\u00eat par an <\/li>\r\n\r\n\r\n\r\n<li>Nombre d\u2019acc\u00e8s SNDL(Syst\u00e8me National de la Documentation en Ligne) : 3336 <\/li>\r\n\r\n\r\n\r\n<li>Dspace plate forme des archives ouvertes de l\u2019UMBB : 6610 titres <\/li>\r\n\r\n\r\n\r\n<li>Th\u00e8ses de Doctorat et M\u00e9moires de Magister\nM\u00e9moires de fin d\u2019\u00e9tudes : Ing\u00e9nieur et Master 2 <\/li>\r\n\r\n\r\n\r\n<li>Actes de colloques <\/li>\r\n\r\n\r\n\r\n<li>Publications Scientifiques et Article de recherche.<\/li>\r\n<\/ul>","protected":false},"excerpt":{"rendered":"<p>The central library of UMBB is located halfway between the Institute of Electrical and Electronics Engineering (formerly INELEC) and the Algerian Petroleum Institute (IAP). It was inaugurated by the President of the Republic in October 2004. The library&#8217;s purpose is <a href=\"https:\/\/bu.univ-boumerdes.dz\/fr\/presentation\/\" class=\"read-more\">Read More &#8230;<\/a><\/p>","protected":false},"author":1,"featured_media":0,"parent":0,"menu_order":0,"comment_status":"closed","ping_status":"closed","template":"","meta":{"footnotes":""},"class_list":["post-29","page","type-page","status-publish","hentry"],"_links":{"self":[{"href":"https:\/\/bu.univ-boumerdes.dz\/fr\/wp-json\/wp\/v2\/pages\/29","targetHints":{"allow":["GET"]}}],"collection":[{"href":"https:\/\/bu.univ-boumerdes.dz\/fr\/wp-json\/wp\/v2\/pages"}],"about":[{"href":"https:\/\/bu.univ-boumerdes.dz\/fr\/wp-json\/wp\/v2\/types\/page"}],"author":[{"embeddable":true,"href":"https:\/\/bu.univ-boumerdes.dz\/fr\/wp-json\/wp\/v2\/users\/1"}],"replies":[{"embeddable":true,"href":"https:\/\/bu.univ-boumerdes.dz\/fr\/wp-json\/wp\/v2\/comments?post=29"}],"version-history":[{"count":1,"href":"https:\/\/bu.univ-boumerdes.dz\/fr\/wp-json\/wp\/v2\/pages\/29\/revisions"}],"predecessor-version":[{"id":31,"href":"https:\/\/bu.univ-boumerdes.dz\/fr\/wp-json\/wp\/v2\/pages\/29\/revisions\/31"}],"wp:attachment":[{"href":"https:\/\/bu.univ-boumerdes.dz\/fr\/wp-json\/wp\/v2\/media?parent=29"}],"curies":[{"name":"wp","href":"https:\/\/api.w.org\/{rel}","templated":true}]}}