{"id":282,"date":"2023-01-26T08:23:31","date_gmt":"2023-01-26T08:23:31","guid":{"rendered":"https:\/\/bu2.univ-boumerdes.dz\/?page_id=282"},"modified":"2023-12-17T09:49:09","modified_gmt":"2023-12-17T09:49:09","slug":"contact","status":"publish","type":"page","link":"https:\/\/bu.univ-boumerdes.dz\/fr\/contact\/","title":{"rendered":"Contact"},"content":{"rendered":"<p> Biblioth\u00e8que Universitaire, Universit\u00e9 M\u2019hamed Bougara Boumerdes<\/p>\r\n\r\n\r\n\r\n<p>Avenue de l'ind\u00e9pendance Boumerdes 35000<\/p>\r\n\r\n\r\n\r\n<p>Tel: +213 (024)79 5747<\/p>\r\n\r\n\r\n\r\n<p>Fax: +213 (024)79 5748<\/p>\r\n\r\n\r\n\r\n<p>Annuaire <\/p>\r\n\r\n\r\n\r\n<p>Biblioth\u00e8que centrale<\/p>\r\n\r\n\r\n\r\n<ul class=\"wp-block-list\">\r\n<li>Directeur: Mr Bouzaouia Fateh <a href=\"mailto:bouzaouia@univ-boumerdes.dz\">bouzaouia@univ-boumerdes.dz<\/a><\/li>\r\n\r\n\r\n\r\n<li>Chef de service Recherche Bibliographique: Mme Mekiri Souhila <a href=\"mailto:s.mekiri@univ-boumerdes.dz\">s.mekiri@univ-boumerdes.dz<\/a><\/li>\r\n\r\n\r\n\r\n<li>Chef de service Orientation:  Mlle Zirame Bahia <a href=\"mailto:zirame@univ-boumerdes.dz\">zirame@univ-boumerdes.dz<\/a><\/li>\r\n\r\n\r\n\r\n<li>Chef de service Traitement Documentaire: Mme Mme Mouloudi Wahiba <a href=\"mailto:w.mouloudi@univ-boumerdes.dz\">w.mouloudi@univ-boumerdes.dz<\/a><\/li>\r\n\r\n\r\n\r\n<li>Chef de service Acquisition: Mme Bellouti Wahiba <a href=\"mailto:wahibabellouti@gmail.com\">wahibabellouti@gmail.com<\/a><\/li>\r\n<\/ul>\r\n\r\n\r\n\r\n<p>Biblioth\u00e8que de la Facult\u00e9 des Sciences<\/p>\r\n\r\n\r\n\r\n<p>Tel\/Fax: 024 79 90 26 \/ 024 79 90 13<\/p>\r\n\r\n\r\n\r\n<p>Email <a href=\"mailto:service.rech.bibfs@gmail.com\">service.rech.bibfs@gmail.com<\/a><\/p>\r\n\r\n\r\n\r\n<p>Email <a href=\"mailto:service.acquis-bibfs@gmail.com\">service.acquis-bibfs@gmail.com<\/a><\/p>\r\n\r\n\r\n\r\n<p>Biblioth\u00e8que de la Facult\u00e9 des Sciences de l'Ing\u00e9nieur<\/p>\r\n\r\n\r\n\r\n<p>Biblioth\u00e8que de la Facult\u00e9 des Hydrocarbures et de la Chimie<\/p>\r\n\r\n\r\n\r\n<p>La Biblioth\u00e8que de la Facult\u00e9 de Droit,<\/p>\r\n\r\n\r\n\r\n<p>Biblioth\u00e8que de la Facult\u00e9 des Sciences Economiques, Commerciales et des Sciences de Gestion<\/p>\r\n\r\n\r\n\r\n<p>Biblioth\u00e8que de l\u2019institut de G\u00e9nie Electrique et d\u2019Electronique<\/p>\r\n\r\n\r\n\r\n<p>Tel\/Fax: 024 74 55 17<\/p>\r\n\r\n\r\n\r\n<p>Email <a href=\"mailto:bibliothequefd@gmail.com\">bibliothequefd@gmail.com<\/a><\/p>","protected":false},"excerpt":{"rendered":"<p>University Library, University M\u2019hamed Bougara Boumerdes Independence Avenue \u2013 Boumerdes. Tel: 213(0)24 79 57 47 Fax: (024) 79 57 48 Directory: Central Library: Faculty of Sciences Library: Tel\/Fax: 024 79 90 26 \/ 024 79 90 13 Email: service.rech.bibfs@gmail.com Email: <a href=\"https:\/\/bu.univ-boumerdes.dz\/fr\/contact\/\" class=\"read-more\">Read More &#8230;<\/a><\/p>","protected":false},"author":1,"featured_media":0,"parent":0,"menu_order":0,"comment_status":"closed","ping_status":"closed","template":"","meta":{"footnotes":""},"class_list":["post-282","page","type-page","status-publish","hentry"],"_links":{"self":[{"href":"https:\/\/bu.univ-boumerdes.dz\/fr\/wp-json\/wp\/v2\/pages\/282","targetHints":{"allow":["GET"]}}],"collection":[{"href":"https:\/\/bu.univ-boumerdes.dz\/fr\/wp-json\/wp\/v2\/pages"}],"about":[{"href":"https:\/\/bu.univ-boumerdes.dz\/fr\/wp-json\/wp\/v2\/types\/page"}],"author":[{"embeddable":true,"href":"https:\/\/bu.univ-boumerdes.dz\/fr\/wp-json\/wp\/v2\/users\/1"}],"replies":[{"embeddable":true,"href":"https:\/\/bu.univ-boumerdes.dz\/fr\/wp-json\/wp\/v2\/comments?post=282"}],"version-history":[{"count":0,"href":"https:\/\/bu.univ-boumerdes.dz\/fr\/wp-json\/wp\/v2\/pages\/282\/revisions"}],"wp:attachment":[{"href":"https:\/\/bu.univ-boumerdes.dz\/fr\/wp-json\/wp\/v2\/media?parent=282"}],"curies":[{"name":"wp","href":"https:\/\/api.w.org\/{rel}","templated":true}]}}