{"id":21,"date":"2023-01-17T08:58:56","date_gmt":"2023-01-17T08:58:56","guid":{"rendered":"https:\/\/bu2.univ-boumerdes.dz\/?page_id=21"},"modified":"2023-12-17T08:08:51","modified_gmt":"2023-12-17T08:08:51","slug":"donations","status":"publish","type":"page","link":"https:\/\/bu.univ-boumerdes.dz\/fr\/donations\/","title":{"rendered":"Dons"},"content":{"rendered":"<p>La biblioth\u00e8que centrale de l\u2019Universit\u00e9 M\u2019hamed Bougara Boumerdes accepte les dons d\u2019ouvrages, sous r\u00e9serve que leur contenu soit en ad\u00e9quation avec le fonds de la biblioth\u00e8que, qu'ils pr\u00e9sentent : <\/p>\r\n\r\n\r\n\r\n<ul class=\"wp-block-list\">\r\n<li>Un int\u00e9r\u00eat scientifique, <\/li>\r\n<\/ul>\r\n\r\n\r\n\r\n<ul class=\"wp-block-list\">\r\n<li>Participent \u00e0 l'enrichissement des collections <\/li>\r\n<\/ul>\r\n\r\n\r\n\r\n<ul class=\"wp-block-list\">\r\n<li>Soient en bon \u00e9tat. <\/li>\r\n<\/ul>\r\n\r\n\r\n\r\n<p>Une fois les ouvrages c\u00e9d\u00e9s en don \u00e0 la biblioth\u00e8que, leur traitement est le m\u00eame que celui des ouvrages achet\u00e9s, il appartient \u00e0 la biblioth\u00e8que de d\u00e9finir les r\u00e8gles d'acc\u00e8s et de pr\u00eat de ces documents.\nPour plus d'information, contactez  le  service acquisition.<\/p>","protected":false},"excerpt":{"rendered":"<p>The Central Library of M&#8217;hamed Bougara University Boumerdes accepts book donations, provided that their content aligns with the library&#8217;s collection and meets the following criteria: Once books are donated to the library, their handling is identical to purchased books. It&#8217;s <a href=\"https:\/\/bu.univ-boumerdes.dz\/fr\/donations\/\" class=\"read-more\">Read More &#8230;<\/a><\/p>","protected":false},"author":1,"featured_media":0,"parent":0,"menu_order":0,"comment_status":"closed","ping_status":"closed","template":"","meta":{"footnotes":""},"class_list":["post-21","page","type-page","status-publish","hentry"],"_links":{"self":[{"href":"https:\/\/bu.univ-boumerdes.dz\/fr\/wp-json\/wp\/v2\/pages\/21","targetHints":{"allow":["GET"]}}],"collection":[{"href":"https:\/\/bu.univ-boumerdes.dz\/fr\/wp-json\/wp\/v2\/pages"}],"about":[{"href":"https:\/\/bu.univ-boumerdes.dz\/fr\/wp-json\/wp\/v2\/types\/page"}],"author":[{"embeddable":true,"href":"https:\/\/bu.univ-boumerdes.dz\/fr\/wp-json\/wp\/v2\/users\/1"}],"replies":[{"embeddable":true,"href":"https:\/\/bu.univ-boumerdes.dz\/fr\/wp-json\/wp\/v2\/comments?post=21"}],"version-history":[{"count":0,"href":"https:\/\/bu.univ-boumerdes.dz\/fr\/wp-json\/wp\/v2\/pages\/21\/revisions"}],"wp:attachment":[{"href":"https:\/\/bu.univ-boumerdes.dz\/fr\/wp-json\/wp\/v2\/media?parent=21"}],"curies":[{"name":"wp","href":"https:\/\/api.w.org\/{rel}","templated":true}]}}