{"id":137,"date":"2023-01-22T08:21:26","date_gmt":"2023-01-22T08:21:26","guid":{"rendered":"https:\/\/bu2.univ-boumerdes.dz\/?page_id=137"},"modified":"2024-03-19T10:29:51","modified_gmt":"2024-03-19T10:29:51","slug":"central-library-catalog","status":"publish","type":"page","link":"https:\/\/bu.univ-boumerdes.dz\/fr\/central-library-catalog\/","title":{"rendered":"Catalogue de la Biblioth\u00e8que Centrale"},"content":{"rendered":"<p>Opac Online Access Catalog, allows users to make research on the Central Library catalog,<br>This catalog includes different types of documents: books, periodicals, dissertations, thesis\u2026<br>To consult this catalog click<a rel=\"noreferrer noopener\" href=\"http:\/\/catalogue.univ-boumerdes.dz\/opac\/\" target=\"_blank\"> here<\/a><\/p>\r\n\r\n\r\n\r\n<p><\/p>\r\n\r\n\r\n\r\n<p><\/p>","protected":false},"excerpt":{"rendered":"<p>L'acc\u00e8s en ligne \u00e0 l'OPAC permet aux utilisateurs de faire des recherches dans le catalogue de la biblioth\u00e8que centrale, qui comprend diff\u00e9rents types de documents : livres, p\u00e9riodiques, dissertations, th\u00e8ses... Pour consulter ce catalogue, veuillez cliquer ici.<\/p>","protected":false},"author":1,"featured_media":260,"parent":0,"menu_order":0,"comment_status":"closed","ping_status":"closed","template":"","meta":{"footnotes":""},"class_list":["post-137","page","type-page","status-publish","has-post-thumbnail","hentry"],"_links":{"self":[{"href":"https:\/\/bu.univ-boumerdes.dz\/fr\/wp-json\/wp\/v2\/pages\/137","targetHints":{"allow":["GET"]}}],"collection":[{"href":"https:\/\/bu.univ-boumerdes.dz\/fr\/wp-json\/wp\/v2\/pages"}],"about":[{"href":"https:\/\/bu.univ-boumerdes.dz\/fr\/wp-json\/wp\/v2\/types\/page"}],"author":[{"embeddable":true,"href":"https:\/\/bu.univ-boumerdes.dz\/fr\/wp-json\/wp\/v2\/users\/1"}],"replies":[{"embeddable":true,"href":"https:\/\/bu.univ-boumerdes.dz\/fr\/wp-json\/wp\/v2\/comments?post=137"}],"version-history":[{"count":0,"href":"https:\/\/bu.univ-boumerdes.dz\/fr\/wp-json\/wp\/v2\/pages\/137\/revisions"}],"wp:featuredmedia":[{"embeddable":true,"href":"https:\/\/bu.univ-boumerdes.dz\/fr\/wp-json\/wp\/v2\/media\/260"}],"wp:attachment":[{"href":"https:\/\/bu.univ-boumerdes.dz\/fr\/wp-json\/wp\/v2\/media?parent=137"}],"curies":[{"name":"wp","href":"https:\/\/api.w.org\/{rel}","templated":true}]}}